{"id":2097,"date":"2025-12-07T05:54:51","date_gmt":"2025-12-07T05:54:51","guid":{"rendered":"https:\/\/psicologoshumanistasbcn.com\/mapa-del-sitio\/"},"modified":"2026-02-04T16:20:45","modified_gmt":"2026-02-04T16:20:45","slug":"mapa-del-sitio","status":"publish","type":"page","link":"https:\/\/psicologoshumanistasbcn.com\/ca\/mapa-del-sitio\/","title":{"rendered":"Mapa del lloc"},"content":{"rendered":"<div class=\"wsp-container\"><h2 class=\"wsp-pages-title\">P\u00e0gines<\/h2>\n<ul class=\"wsp-pages-list\">\n<li class=\"page_item page-item-2111\"><a href=\"https:\/\/psicologoshumanistasbcn.com\/ca\/accesibilidad\/\">Accessibilitat<\/a><\/li>\n<li class=\"page_item page-item-2110\"><a href=\"https:\/\/psicologoshumanistasbcn.com\/ca\/condiciones-de-uso\/\">Condicions d&#8217;\u00fas<\/a><\/li>\n<li class=\"page_item page-item-2098\"><a href=\"https:\/\/psicologoshumanistasbcn.com\/ca\/contacto-psicologa\/\">Contacte<\/a><\/li>\n<li class=\"page_item page-item-2100\"><a href=\"https:\/\/psicologoshumanistasbcn.com\/ca\/enfoque-terapeutico-psicologia\/\">Enfocament Terap\u00e8utic<\/a><\/li>\n<li class=\"page_item page-item-2106\"><a href=\"https:\/\/psicologoshumanistasbcn.com\/ca\/\">Inic\u00ed<\/a><\/li>\n<li class=\"page_item page-item-2109\"><a href=\"https:\/\/psicologoshumanistasbcn.com\/ca\/ley-de-cookies\/\">Llei de cookies<\/a><\/li>\n<li class=\"page_item page-item-2097\"><a href=\"https:\/\/psicologoshumanistasbcn.com\/ca\/mapa-del-sitio\/\">Mapa del lloc<\/a><\/li>\n<li class=\"page_item page-item-2108\"><a href=\"https:\/\/psicologoshumanistasbcn.com\/ca\/politica-de-privacidad\/\">Pol\u00edtica de privadesa<\/a><\/li>\n<li class=\"page_item page-item-2231\"><a href=\"https:\/\/psicologoshumanistasbcn.com\/ca\/psicologa-les-corts-barcelona\/\">Psic\u00f2loga Les Corts Barcelona<\/a><\/li>\n<li class=\"page_item page-item-2235\"><a href=\"https:\/\/psicologoshumanistasbcn.com\/ca\/psicoterapia-integradora-barcelona\/\">Psicoter\u00e0pia integradora Barcelona<\/a><\/li>\n<li class=\"page_item page-item-2101\"><a href=\"https:\/\/psicologoshumanistasbcn.com\/ca\/modalidades-de-atencion-psicologica-online-y-presencial\/\">Serveis<\/a><\/li>\n<li class=\"page_item page-item-2104\"><a href=\"https:\/\/psicologoshumanistasbcn.com\/ca\/psicologa-profesional-especializada-salud-mental\/\">Sobre mi<\/a><\/li>\n<\/ul>\n<h2 class=\"wsp-posts-title\">Entrades per categoria<\/h2>\n<ul class=\"wsp-posts-list\">\n\t<li><strong class=\"wsp-category-title\">Categoria:<a href=\"https:\/\/psicologoshumanistasbcn.com\/ca\/category\/sin-categoria\/\">Sin categor\u00eda<\/a><\/strong>\n<ul class=\"wsp-posts-list\">\t\t<li class=\"wsp-post\"><a href=\"https:\/\/psicologoshumanistasbcn.com\/comprender-las-relaciones-desde-la-mirada-terapeutica\/\">Comprender las relaciones desde la mirada terap\u00e9utica<\/a><\/li>\n\t\t<li class=\"wsp-post\"><a href=\"https:\/\/psicologoshumanistasbcn.com\/ca\/comprender-las-relaciones-desde-la-mirada-terapeutica\/\">Comprender las relaciones desde la mirada terap\u00e9utica<\/a><\/li>\n\t\t<li class=\"wsp-post\"><a href=\"https:\/\/psicologoshumanistasbcn.com\/la-psicoterapia-como-camino-de-sanacion-y-consciencia\/\">La Psicoterapia como camino de sanaci\u00f3n y consciencia<\/a><\/li>\n\t\t<li class=\"wsp-post\"><a href=\"https:\/\/psicologoshumanistasbcn.com\/ca\/la-psicoterapia-como-camino-de-sanacion-y-consciencia\/\">La Psicoterapia como camino de sanaci\u00f3n y consciencia<\/a><\/li>\n\t\t<li class=\"wsp-post\"><a href=\"https:\/\/psicologoshumanistasbcn.com\/volver-a-habitarte-el-arte-de-reconectar-contigo-mismo\/\">Volver a habitarte: El arte de reconectar contigo mismo<\/a><\/li>\n\t\t<li class=\"wsp-post\"><a href=\"https:\/\/psicologoshumanistasbcn.com\/ca\/volver-a-habitarte-el-arte-de-reconectar-contigo-mismo\/\">Volver a habitarte: El arte de reconectar contigo mismo<\/a><\/li>\n<\/ul><\/li>\n<\/ul>\n<h2 class=\"wsp-fusion_tb_categorys-title\">Section Category<\/h2>\n<ul class=\"wsp-fusion_tb_categorys-list\">\n<li><a href=\"https:\/\/psicologoshumanistasbcn.com\/ca\/fusion_tb_category\/content\/\">content<\/a><\/li>\n<li><a href=\"https:\/\/psicologoshumanistasbcn.com\/ca\/fusion_tb_category\/footer\/\">footer<\/a><\/li>\n<li><a href=\"https:\/\/psicologoshumanistasbcn.com\/ca\/fusion_tb_category\/header\/\">header<\/a><\/li>\n<li><a href=\"https:\/\/psicologoshumanistasbcn.com\/ca\/fusion_tb_category\/page_title_bar\/\">page_title_bar<\/a><\/li>\n<\/ul>\n<h2 class=\"wsp-element_categorys-title\">Category<\/h2>\n<ul class=\"wsp-element_categorys-list\">\n<li><a href=\"https:\/\/psicologoshumanistasbcn.com\/element_category\/post_cards\/\">post_cards<\/a><\/li>\n<\/ul>\n<\/div>\n","protected":false},"excerpt":{"rendered":"","protected":false},"author":1,"featured_media":0,"parent":0,"menu_order":0,"comment_status":"closed","ping_status":"closed","template":"100-width.php","meta":{"footnotes":""},"class_list":["post-2097","page","type-page","status-publish","hentry"],"yoast_head":"<!-- This site is optimized with the Yoast SEO plugin v26.8 - https:\/\/yoast.com\/product\/yoast-seo-wordpress\/ -->\n<title>Mapa del Lloc | Psic\u00f2legs Humanistes BCN<\/title>\n<meta name=\"description\" content=\"Consulta el mapa del lloc de Psic\u00f2legs Humanistes BCN per navegar f\u00e0cilment per totes les seccions de psicoter\u00e0pia, serveis i continguts legals de manera organitzada.\" \/>\n<meta name=\"robots\" content=\"index, follow, max-snippet:-1, max-image-preview:large, max-video-preview:-1\" \/>\n<link rel=\"canonical\" href=\"https:\/\/psicologoshumanistasbcn.com\/ca\/mapa-del-sitio\/\" \/>\n<meta property=\"og:locale\" content=\"ca_ES\" \/>\n<meta property=\"og:type\" content=\"article\" \/>\n<meta property=\"og:title\" content=\"Mapa del Lloc | Psic\u00f2legs Humanistes BCN\" \/>\n<meta property=\"og:description\" content=\"Consulta el mapa del lloc de Psic\u00f2legs Humanistes BCN per navegar f\u00e0cilment per totes les seccions de psicoter\u00e0pia, serveis i continguts legals de manera organitzada.\" \/>\n<meta property=\"og:url\" content=\"https:\/\/psicologoshumanistasbcn.com\/ca\/mapa-del-sitio\/\" \/>\n<meta property=\"og:site_name\" content=\"Psic\u00f3loga Les Corts-Sarri\u00e0\" \/>\n<meta property=\"article:modified_time\" content=\"2026-02-04T16:20:45+00:00\" \/>\n<meta name=\"twitter:card\" content=\"summary_large_image\" \/>\n<meta name=\"twitter:label1\" content=\"Temps estimat de lectura\" \/>\n\t<meta name=\"twitter:data1\" content=\"1 minut\" \/>\n<!-- \/ Yoast SEO plugin. -->","yoast_head_json":{"title":"Mapa del Lloc | Psic\u00f2legs Humanistes BCN","description":"Consulta el mapa del lloc de Psic\u00f2legs Humanistes BCN per navegar f\u00e0cilment per totes les seccions de psicoter\u00e0pia, serveis i continguts legals de manera organitzada.","robots":{"index":"index","follow":"follow","max-snippet":"max-snippet:-1","max-image-preview":"max-image-preview:large","max-video-preview":"max-video-preview:-1"},"canonical":"https:\/\/psicologoshumanistasbcn.com\/ca\/mapa-del-sitio\/","og_locale":"ca_ES","og_type":"article","og_title":"Mapa del Lloc | Psic\u00f2legs Humanistes BCN","og_description":"Consulta el mapa del lloc de Psic\u00f2legs Humanistes BCN per navegar f\u00e0cilment per totes les seccions de psicoter\u00e0pia, serveis i continguts legals de manera organitzada.","og_url":"https:\/\/psicologoshumanistasbcn.com\/ca\/mapa-del-sitio\/","og_site_name":"Psic\u00f3loga Les Corts-Sarri\u00e0","article_modified_time":"2026-02-04T16:20:45+00:00","twitter_card":"summary_large_image","twitter_misc":{"Temps estimat de lectura":"1 minut"},"schema":{"@context":"https:\/\/schema.org","@graph":[{"@type":"WebPage","@id":"https:\/\/psicologoshumanistasbcn.com\/ca\/mapa-del-sitio\/","url":"https:\/\/psicologoshumanistasbcn.com\/ca\/mapa-del-sitio\/","name":"Mapa del Lloc | Psic\u00f2legs Humanistes BCN","isPartOf":{"@id":"https:\/\/psicologoshumanistasbcn.com\/ca\/#website"},"datePublished":"2025-12-07T05:54:51+00:00","dateModified":"2026-02-04T16:20:45+00:00","description":"Consulta el mapa del lloc de Psic\u00f2legs Humanistes BCN per navegar f\u00e0cilment per totes les seccions de psicoter\u00e0pia, serveis i continguts legals de manera organitzada.","breadcrumb":{"@id":"https:\/\/psicologoshumanistasbcn.com\/ca\/mapa-del-sitio\/#breadcrumb"},"inLanguage":"ca","potentialAction":[{"@type":"ReadAction","target":["https:\/\/psicologoshumanistasbcn.com\/ca\/mapa-del-sitio\/"]}]},{"@type":"BreadcrumbList","@id":"https:\/\/psicologoshumanistasbcn.com\/ca\/mapa-del-sitio\/#breadcrumb","itemListElement":[{"@type":"ListItem","position":1,"name":"Portada","item":"https:\/\/psicologoshumanistasbcn.com\/ca\/psicologa-online-y-presencial-terapia-psicologica-profesional\/"},{"@type":"ListItem","position":2,"name":"Mapa del lloc"}]},{"@type":"WebSite","@id":"https:\/\/psicologoshumanistasbcn.com\/ca\/#website","url":"https:\/\/psicologoshumanistasbcn.com\/ca\/","name":"Psic\u00f3loga Les Corts-Sarri\u00e0","description":"Psicoterapeuta Humanista Barcelona","potentialAction":[{"@type":"SearchAction","target":{"@type":"EntryPoint","urlTemplate":"https:\/\/psicologoshumanistasbcn.com\/ca\/?s={search_term_string}"},"query-input":{"@type":"PropertyValueSpecification","valueRequired":true,"valueName":"search_term_string"}}],"inLanguage":"ca"}]}},"_hostinger_reach_plugin_has_subscription_block":false,"_hostinger_reach_plugin_is_elementor":false,"_links":{"self":[{"href":"https:\/\/psicologoshumanistasbcn.com\/ca\/wp-json\/wp\/v2\/pages\/2097","targetHints":{"allow":["GET"]}}],"collection":[{"href":"https:\/\/psicologoshumanistasbcn.com\/ca\/wp-json\/wp\/v2\/pages"}],"about":[{"href":"https:\/\/psicologoshumanistasbcn.com\/ca\/wp-json\/wp\/v2\/types\/page"}],"author":[{"embeddable":true,"href":"https:\/\/psicologoshumanistasbcn.com\/ca\/wp-json\/wp\/v2\/users\/1"}],"replies":[{"embeddable":true,"href":"https:\/\/psicologoshumanistasbcn.com\/ca\/wp-json\/wp\/v2\/comments?post=2097"}],"version-history":[{"count":1,"href":"https:\/\/psicologoshumanistasbcn.com\/ca\/wp-json\/wp\/v2\/pages\/2097\/revisions"}],"predecessor-version":[{"id":2191,"href":"https:\/\/psicologoshumanistasbcn.com\/ca\/wp-json\/wp\/v2\/pages\/2097\/revisions\/2191"}],"wp:attachment":[{"href":"https:\/\/psicologoshumanistasbcn.com\/ca\/wp-json\/wp\/v2\/media?parent=2097"}],"curies":[{"name":"wp","href":"https:\/\/api.w.org\/{rel}","templated":true}]}}