{"id":2108,"date":"2025-12-16T08:48:15","date_gmt":"2025-12-16T08:48:15","guid":{"rendered":"https:\/\/psicologoshumanistasbcn.com\/politica-de-privacidad\/"},"modified":"2026-02-04T16:22:09","modified_gmt":"2026-02-04T16:22:09","slug":"politica-de-privacidad","status":"publish","type":"page","link":"https:\/\/psicologoshumanistasbcn.com\/ca\/politica-de-privacidad\/","title":{"rendered":"Pol\u00edtica de privadesa"},"content":{"rendered":"<h2>POL\u00cdTICA PROTECCI\u00d3 DE DADES<\/h2>\n<p>En compliment dels requisits disposats a la Llei 34\/2002 LSSICE, i al REGLAMENT (UE) 2016\/679 DEL PARLAMENT EUROPEU I DEL CONSELL de 27 d&#8217;abril de 2016 relatiu a la protecci\u00f3 de les persones f\u00edsiques pel que fa al tractament de dades personals i la lliure circulaci\u00f3 d&#8217;aquestes dades<\/p>\n<p>Normalment \u00e9s possible fer servir el nostre lloc web sense necessitat d&#8217;aportar dades personals. Si les teves dades personals (E.g. nom, adre\u00e7a o correu electr\u00f2nic) s\u00f3n recol\u00b7lectades als nostres llocs web, \u00e9s, en la mesura del possible, sempre opcional.<\/p>\n<p>Aqu\u00ed t&#8217;expliquem quan recollim dades, qui \u00e9s el responsable de les dades recollides, la legitimitat d&#8217;aquesta recollida, perqu\u00e8 fi les recollim, que fem amb les teves dades i com les protegim, com pots exercir els teus drets.<\/p>\n<p>El m\u00e9s important: No compartirem, vendrem, llogarem la teva informaci\u00f3 personal amb altres parts. Puc compartir certa informaci\u00f3 amb els prove\u00efdors de serveis de tercers autoritzats necessaris per prestar-te els nostres serveis.<\/p>\n<h3><strong>1. Qui \u00e9s el responsable de les vostres dades, a qui facilita les vostres dades:<\/strong><\/h3>\n<p>psicologoshumanistasbcn.com, de la qual \u00e9s titular:<\/p>\n<div>\n<div>CRISTINA MARTINEZ QUINTANILLA PIQUE<\/div>\n<div>NIF : 46570774Y<\/div>\n<div>Carrer de Corsega 75-Planta 7\u00ba 3, 08029 Barcelona, Barcelona<\/div>\n<\/div>\n<p>(d&#8217;ara endavant, \u201cpsicologoshumanistasbcn.com\u201d), \u00e9s el responsable del tractament de les dades recollides-obtingudes a trav\u00e9s d&#8217;aquest lloc web, apps i altres mitjans digitals o impresos on psicologoshumanistasbcn.com sol\u00b7liciti dades personals.<\/p>\n<h3><strong>2 Resum de com fem servir les teves dades<\/strong><\/h3>\n<p>psicologoshumanistasbcn.com utilitza les seves dades personals per a diferents finalitats, segons la relaci\u00f3 que li uneixi amb psicologoshumanistasbcn.com, b\u00e9 sigui administrar la seva relaci\u00f3 com a client, comprar els nostres serveis, gestionar la facturaci\u00f3 i garantir que ens puguem comunicar de manera eficient, per enviar-li informaci\u00f3 com a subscriptor o per respondre a les seves consultes, sol\u00b7licituds d&#8217;informaci\u00f3-pressupost<\/p>\n<h3><strong>Sistemes de captura de dades, finalitats, legitimitzaci\u00f3 i temps del tractament de les vostres dades:<\/strong><\/h3>\n<p>Si vost\u00e8 ha emplenat un formulari de contacte per fer una consulta, demanar informaci\u00f3 i pressupostos i ha marcat la casella corresponent d&#8217;acceptaci\u00f3 la base legal o legitimitzaci\u00f3 del tractament de les seves dades \u00e9s el seu consentiment, en aquest cas les seves dades seran tractades \u00fanicament amb la finalitat de poder respondre a la seva consulta, seran eliminats als 7 dies despr\u00e9s de l&#8217;\u00faltima comunicaci\u00f3 que tinguem amb vost\u00e8, i nom\u00e9s es conserva.<\/p>\n<p>Si vost\u00e8 es registra a la web mitjan\u00e7ant el formulari de registre per disposar d&#8217;un compte d&#8217;usuari i accedir a \u00e0rees que sigui requerit usuari i contrasenya i ha marcat la casella corresponent d&#8217;acceptaci\u00f3, tenim el seu consentiment expl\u00edcit i informat, la base legal o legitimitzaci\u00f3 del tractament de les seves dades \u00e9s el seu consentiment, la finalitat del tractament de les seves dades ser\u00e0 la d&#8217;autenticar-lo. Les vostres dades seran eliminades quan el vostre registre com a usuari sigui deshabilitat o donat de baixa. En qualsevol moment es podr\u00e0 donar de baixa com a usuari registrat.<\/p>\n<p>Si contracta algun dels nostres serveis, la base legal o legitimitzaci\u00f3 del tractament de les seves dades \u00e9s la de la relaci\u00f3 contractual formalitzada i la finalitat del tractament de les seves dades ser\u00e0 la de portar les oportunes gestions administratives, facturaci\u00f3, atenci\u00f3 al client, notificacions t\u00e8cniques de seguretat, de suport i d&#8217;actualitzaci\u00f3 de serveis, comunicacions de modificacions en preus o condicions dels seus serveis, enquestes de qualitat i satisfacci\u00f3 legals exigides davant de les administracions p\u00fabliques. Les seves dades seran eliminades segons estableix la llei als 6 anys despr\u00e9s de la finalitzaci\u00f3 de la relaci\u00f3 com a client.<\/p>\n<p>Si vost\u00e8 se subscriu a la nostra llista de mailing o ens indica el seu desig de rebre informaci\u00f3 comercial de la nostra empresa i serveis, i ha marcat la casella corresponent d&#8217;acceptaci\u00f3 la base legal o legitimitzaci\u00f3 del tractament de les seves dades \u00e9s el seu consentiment, la finalitat del tractament de les seves dades ser\u00e0 enviar informaci\u00f3 comercial, novetats, promocions i publicitat dels nostres serveis i productes. Vost\u00e8 podr\u00e0 donar-se de baixa en qualsevol moment, enviant mail a bajas@psicologoshumanistasbcn.com o des del mateix mail que rebi a cada comunicat podr\u00e0 clicar en un enlla\u00e7 per donar-se de baixa de la llista de subscriptors.<\/p>\n<p><strong>Cookies:<\/strong> Quan l&#8217;usuari es registra o navega en aquesta web, s&#8217;emmagatzemen \u201ccookies\u201d, L&#8217;usuari pot consultar en qualsevol moment la pol\u00edtica de cookies per ampliar informaci\u00f3 sobre l&#8217;\u00fas de cookies i com desactivar-les.<\/p>\n<p><strong>Google (Analytics<\/strong>) , Sistema de rastreig utilitzades en aquest lloc: amb aquestes plataformes de tercers s&#8217;estudien les prefer\u00e8ncies dels usuaris, les caracter\u00edstiques demogr\u00e0fiques, els patrons de tr\u00e0nsit, i una altra informaci\u00f3 en conjunt per comprendre millor qui constitueix la seva audi\u00e8ncia i qu\u00e8 \u00e9s el que aquesta necessita.<\/p>\n<h3><strong>Quina informaci\u00f3 recopilem, quina \u00e9s la categoria de les dades que tractem?<\/strong><\/h3>\n<p>Recopilem i processem dades personals sobre vost\u00e8 quan interactua amb nosaltres i els nostres llocs web, i quan vost\u00e8 compra els nostres serveis. En base a cada tipus d&#8217;actuaci\u00f3 us sol\u00b7licitarem unes dades o altres.<\/p>\n<p>Per exemple, en un formulari de contacte us demanarem tel\u00e8fon , mail i el vostre nom, per\u00f2 en una contractaci\u00f3 necessitarem tamb\u00e9 el vostre NIF\/CIF o formes de pagament.<\/p>\n<p><strong>La categoria de dades que sol\u00b7licitem s\u00f3n dades de car\u00e0cter identificatiu, i inclouen:<\/strong><\/p>\n<ul>\n<li>el teu nom<\/li>\n<li>El teu correu electr\u00f2nic<\/li>\n<li>el seu n\u00famero de tel\u00e8fon<\/li>\n<li>la seva adre\u00e7a postal<\/li>\n<li>els seus detalls de pagament (inclosa la seva adre\u00e7a de facturaci\u00f3 i DNI i\/o CIF, detalls bancaris, altres,..segons correspongui)<\/li>\n<li>informaci\u00f3 relacionada amb el navegador o dispositiu que utilitza per accedir al nostre lloc web;<\/li>\n<li>La IP des de la qual es connecta, per verificar les nostres comunicacions i\/o subministrar aquesta informaci\u00f3 davant de requeriment de Forces i Cossos de Seguretat de l&#8217;Estat, Jutges, Ministeri Fiscal, Tribunals, Tribunal de Comptes o Defensor del Poble.<\/li>\n<\/ul>\n<h3><strong>MESURES DE SEGURETAT.<\/strong><\/h3>\n<p>psicologoshumanistasbcn.com us informa que t\u00e9 implantades les mesures de seguretat d&#8217;\u00edndole t\u00e8cnica i organitzatives necess\u00e0ries per garantir la seguretat de les vostres dades de car\u00e0cter personal i evitar la seva alteraci\u00f3, p\u00e8rdua i tractament i\/o acc\u00e9s no autoritzat, tenint en compte l&#8217;estat de la tecnologia, la naturalesa de les dades emmagatzemades i els riscos a qu\u00e8 estan exposats, ja provinguin de l&#8217;acci\u00f3 humana o. Tot aix\u00f2 de conformitat amb el que preveu l&#8217;RGPD.<\/p>\n<p>Aix\u00ed mateix, psicologoshumanistasbcn.com ha establert mesures addicionals amb vista a refor\u00e7ar la confidencialitat i integritat de la informaci\u00f3 a la seva organitzaci\u00f3. Mantenint cont\u00ednuament la supervisi\u00f3, control i avaluaci\u00f3 dels processos per assegurar el respecte a la privadesa de les dades.<\/p>\n<h3><strong>Quins drets tinc?<\/strong><\/h3>\n<p>Teniu dret a sol\u00b7licitar-nos una c\u00f2pia de les vostres dades personals; per corregir, eliminar o restringir (aturar qualsevol actiu) el processament de les vostres dades personals; i per obtenir les dades personals que ens proporciona per a un contracte o amb el seu consentiment en un format estructurat i llegible per m\u00e0quina, i per demanar-nos que compartim (portem) aquestes dades a un altre responsable.<\/p>\n<p><strong>A m\u00e9s, podeu renunciar, cancel\u00b7lar, suprimir el processament de les vostres dades personals en qualsevol moment.<\/strong><\/p>\n<p>Aquests drets poden estar limitats, per exemple, si ens demana que eliminem informaci\u00f3 que la llei ens exigeix \u200b\u200bmantenir o que tingui interessos leg\u00edtims obligatoris.<\/p>\n<p><strong>Drets:<\/strong><\/p>\n<ul>\n<li>Dret d&#8217;acc\u00e9s a les vostres dades personals.<\/li>\n<li>Dret a sol\u00b7licitar-ne la rectificaci\u00f3 o supressi\u00f3.<\/li>\n<li>Dret a sol\u00b7licitar la limitaci\u00f3 del tractament.<\/li>\n<li>Dret d&#8217;oposici\u00f3 al tractament de les vostres dades.<\/li>\n<li>Dret a la portabilitat de les dades.<\/li>\n<li>Dret a retirar el consentiment prestat.<\/li>\n<\/ul>\n<p>Per exercir qualsevol d&#8217;aquests drets, podeu posar-vos en contacte amb nosaltres, a crismartq3@hotmail.com o mitjan\u00e7ant sol\u00b7licitud escrita dirigida a psicologoshumanistasbcn.com, Carrer de Corsega 75-Planta 7\u00ba 3, 08029 Barcelona, Barcelona a l&#8217;atenci\u00f3 del Dept. de \u201cDret. i adre\u00e7a postal, i adjuntant c\u00f2pia del seu DNI o document v\u00e0lid en dret que acrediti la seva identitat, per tal didentificar-lo inequ\u00edvocament.<\/p>\n<h3><strong>A qui comuniquen les meves dades, qui m\u00e9s t\u00e9 acc\u00e9s a les meves dades<\/strong><\/h3>\n<p>psicologoshumanistasbcn.com podr\u00e0 comunicar les seves dades per atendre les seves obligacions amb les administracions p\u00fabliques en els casos que aix\u00ed es requereixi d&#8217;acord amb la legislaci\u00f3 vigent i, si escau igualment, a altres \u00f2rgans com forces i cossos de seguretat de l&#8217;Estat, jutges, ministeri fiscal, tribunals, tribunal de comptes o defensor del poble.<\/p>\n<p>Igualment a les dades personals del CLIENT podran tenir acc\u00e9s terceres companyies o professionals amb qu\u00e8 treballa psicologoshumanistasbcn.com (Assessoria, Prove\u00efdor allotjament web, ag\u00e8ncies de m\u00e0rqueting,..) i que s\u00f3n necessaris per a la prestaci\u00f3 del servei tant d&#8217;acc\u00e9s al web, comunicacions a trav\u00e9s del web, contractacions de serveis, enviament d&#8217;informaci\u00f3 comercial, obligacions.<\/p>\n<p>En cap cas aquestes empreses podran fer \u00fas de les seves dades per a una altra finalitat diferent de la prevista al contracte de tractament per compte de tercers subscrit amb cadascuna.<br \/>\nTercers que tracten les vostres dades:<\/p>\n<p>El nostre prove\u00efdor d&#8217;allotjament web (ZONADEWEB \u2013Juan Vicente navarro Garc\u00eda), com a prove\u00efdor del servei d&#8217;allotjament web i correu electr\u00f2nic, el servei de transmissi\u00f3 i emmagatzematge de dades a trav\u00e9s de web i correu electr\u00f2nic, i com a administradors dels nostres sistemes web a Internet tindran acc\u00e9s a les seves dades amb l&#8217;\u00fanica finalitat de resoldre incid\u00e8ncies amb el nostre allotjament web, realitzar proves de correu i realitzar actualitzacions, solucions del servei contractat i que ens permeti disposar adequadament dels serveis dallotjament web, registre de domini\/s, correu electr\u00f2nic i altres serveis dinternet.<\/p>\n<p>La nostra Assessoria: tindr\u00e0 acc\u00e9s a les vostres dades per a la correcta organitzaci\u00f3 i administraci\u00f3 de factures, comptabilitat, cobraments i pagaments i altres funcions administratives.<\/p>\n<p>Per prestar serveis estrictament necessaris per al desenvolupament de la seva activitat, psicologoshumanistasbcn.com utilitza tamb\u00e9 aquests altres prestadors de serveis sota les seves corresponents condicions de privadesa.<\/p>\n<ul>\n<li>Plataforma web: WordPress.Org<\/li>\n<li>Plataformes de plantilles per a WordPress: Avada<\/li>\n<li>Privadesa de fonts de tra\u00e7a utilitzades en aquest lloc: Google (Analytics)<\/li>\n<\/ul>\n<p>psicologoshumanistasbcn.com, a aquest efecte i com a responsable del fitxer, subscriur\u00e0 un contracte de prestaci\u00f3 de serveis amb tercers que tractin les seves dades, aquests actuaran com a Encarregats del Tractament de conformitat amb la RGPD. En aquest contracte, es recolliran les instruccions de psicologoshumanistasbcn.com a l&#8217;encarregat del tractament per a la utilitzaci\u00f3 de les dades, el nivell i les mesures de seguretat aplicables a aquestes i les garanties establertes per a l&#8217;\u00fas i eliminaci\u00f3 de les dades una vegada acabat el servei contractat.<\/p>\n<h3><strong>Otros terceros con acceso a datos a trav\u00e9s de Cookies: anal\u00edticas web y redes sociales<\/strong><\/h3>\n<p>Fem servir l&#8217;eina estad\u00edstica del servei de Google Analytics. Aquests serveis utilitzen \u201ccookies\u201d on recull informaci\u00f3 per al seu servei anal\u00edtic Web i el seu servei publicitari. M\u00e9s informaci\u00f3 al respecte a la nostra pol\u00edtica de Cookies.<\/p>\n<p>A la nostra p\u00e0gina web oferim enlla\u00e7os i serveis relacionats amb les diferents xarxes socials (p.ex \u201cM&#8217;agrada\u201d de Facebook). Si sou membre d&#8217;una xarxa social i feu clic sobre el corresponent enlla\u00e7, el prove\u00efdor de la xarxa social podr\u00e0 enlla\u00e7ar les vostres dades de perfil amb la informaci\u00f3 i la vostra visita a aquesta p\u00e0gina web.<\/p>\n<p>Facebook: A les p\u00e0gines de les webs de psicologoshumanistasbcn.com que oferim continguts de Facebook, aquest utilitza &#8220;cookies&#8221; per seleccionar el contingut que s&#8217;ofereix a cada espai. Tota la informaci\u00f3 sobre l&#8217;\u00fas de \u201ccookies\u201d que fa Facebook es pot trobar al seg\u00fcent enlla\u00e7: http:\/\/www.facebook.com\/help\/cookies?ref_type=sitefooter. M\u00e9s informaci\u00f3 al respecte a la nostra pol\u00edtica de Cookies.<\/p>\n<p>En cas que l&#8217;usuari comparteixi algun contingut dels portals web de psicologoshumanistasbcn.com amb determinades xarxes socials, hi ha la possibilitat que aquests llocs incloguin alguna &#8220;cookie&#8221; quan registren el seu servei. psicologoshumanistasbcn.com no t\u00e9 control sobre la difusi\u00f3 i la gesti\u00f3 d&#8217;aquestes &#8220;cookies&#8221; i es recomana a l&#8217;usuari que consulti la informaci\u00f3 relativa a les seves pol\u00edtiques de privadesa.<\/p>\n<p>Als portals web de psicologoshumanistasbcn.com, apps o altres mitjans digitals, hi ha vegades que s&#8217;insereixen fotos i continguts de v\u00eddeo de llocs web com YouTube, Instagram i Flickr. El contingut est\u00e0 inserit als nostres webs i hi ha la possibilitat que els llocs web de refer\u00e8ncia disposin de &#8220;cookies&#8221;. psicologoshumanistasbcn.com no t\u00e9 el control sobre la difusi\u00f3 i la gesti\u00f3 d&#8217;aquestes &#8220;cookies&#8221; i, per tant, es recomana que es revisin les pol\u00edtiques de privadesa d&#8217;aquests llocs web per determinar-ho.<\/p>\n<p>Pots accedir en tot moment a les pol\u00edtiques de privadesa de les diferents xarxes socials, aix\u00ed com configurar el teu perfil per garantir la seva privadesa. Us animem a con\u00e8ixer les condicions d&#8217;\u00fas de les xarxes socials abans de comen\u00e7ar a fer-les servir:<\/p>\n<ul>\n<li>Facebook: https:\/\/www.facebook.com\/help\/323540651073243\/<\/li>\n<li>Youtube: http:\/\/www.google.es\/intl\/es\/policies\/privacy\/<\/li>\n<li>Google Plus: http:\/\/www.google.es\/intl\/es\/policies\/privacy\/<\/li>\n<li>Twitter: https:\/\/twitter.com\/privacy<\/li>\n<li>Instagram: https:\/\/help.instagram.com\/155833707900388<\/li>\n<\/ul>\n<p><strong>En qualsevol cas psicologoshumanistasbcn.com es compromet a aplicar les garanties seg\u00fcents:<\/strong><\/p>\n<ol>\n<li>A no cedir en cap cas, a terceres persones, les dades recollides, fora de les finalitats descrites a cada recollida de dades i les obligacions legals aplicables.<\/li>\n<li>A utilitzar les dades personals \u00fanica i exclusivament per a les finalitats indicades<\/li>\n<li>A eliminar les dades personals de l&#8217;USUARI o interessat, que inclour\u00e0 el seg\u00fcent termini d&#8217;eliminaci\u00f3 de les dades esmentades: es conservaran mentre es mantingui la relaci\u00f3 amb l&#8217;entitat i no se sol\u00b7licite la supressi\u00f3 per l&#8217;interessat, tamb\u00e9 seran conservades d&#8217;acord amb els terminis legals establerts.<\/li>\n<\/ol>\n<p>Asimismo, psicologoshumanistasbcn.com pone en conocimiento del usuario que cualquier otra cesi\u00f3n de datos que deba realizar ser\u00e1 puesta en su conocimiento cuando as\u00ed lo prevea o autorice la normativa aplicable en materia de protecci\u00f3n de datos, inform\u00e1ndole de modo expreso, preciso e inequ\u00edvoco de los destinatarios de la informaci\u00f3n, de la finalidad a que se destinar\u00e1n los datos, y de la naturaleza de los datos cedidos, o en su caso cuando la normativa de protecci\u00f3n de datos aplicable lo establezca, previamente se solicitar\u00e1 el consentimiento inequ\u00edvoco, espec\u00edfico e informado al usuario.<\/p>\n<h3><strong>ACCEPTACI\u00d3, CONSENTIMENT I REVOCABILITAT<\/strong><\/h3>\n<p>L&#8217;Usuari declara haver estat informat de les condicions sobre protecci\u00f3 de dades de car\u00e0cter personal, acceptant i consentint-ne el tractament per part de psicologoshumanistasbcn.com i per a les finalitats indicades a l&#8217;av\u00eds legal.<\/p>\n<p>Com b\u00e9 saps i segons s&#8217;ha esmentat anteriorment, en qualsevol moment podreu revocar les vostres dades, per\u00f2 sempre sense car\u00e0cter retroactiu.<\/p>\n<h3><strong>CANVIS A LA PRESENT POL\u00cdTICA DE PRIVACITAT<\/strong><\/h3>\n<p>psicologoshumanistasbcn.com es reserva el dret a modificar aquesta pol\u00edtica per adaptar-la a novetats legislatives o jurisprudencials aix\u00ed com a pr\u00e0ctiques de la ind\u00fastria. En aquests sup\u00f2sits, el prestador anunciar\u00e0 en aquesta p\u00e0gina els canvis introdu\u00efts amb una antelaci\u00f3 raonable a la seva posada en pr\u00e0ctica.<\/p>\n","protected":false},"excerpt":{"rendered":"<p>POL\u00cdTICA PROTECCI\u00d3 DE DADES En compliment dels requisits disposats a  [&#8230;]<\/p>\n","protected":false},"author":1,"featured_media":0,"parent":0,"menu_order":0,"comment_status":"closed","ping_status":"closed","template":"","meta":{"footnotes":""},"class_list":["post-2108","page","type-page","status-publish","hentry"],"yoast_head":"<!-- This site is optimized with the Yoast SEO plugin v26.8 - https:\/\/yoast.com\/product\/yoast-seo-wordpress\/ -->\n<title>Pol\u00edtica de Privadesa | Psic\u00f2legs Humanistes BCN<\/title>\n<meta name=\"description\" content=\"Consulta la nostra pol\u00edtica de privadesa i descobreix com recopilem, protegim i gestionem les teves dades personals, complint la normativa vigent de protecci\u00f3 de dades.\" \/>\n<meta name=\"robots\" content=\"index, follow, max-snippet:-1, max-image-preview:large, max-video-preview:-1\" \/>\n<link rel=\"canonical\" href=\"https:\/\/psicologoshumanistasbcn.com\/ca\/politica-de-privacidad\/\" \/>\n<meta property=\"og:locale\" content=\"ca_ES\" \/>\n<meta property=\"og:type\" content=\"article\" \/>\n<meta property=\"og:title\" content=\"Pol\u00edtica de Privadesa | Psic\u00f2legs Humanistes BCN\" \/>\n<meta property=\"og:description\" content=\"Consulta la nostra pol\u00edtica de privadesa i descobreix com recopilem, protegim i gestionem les teves dades personals, complint la normativa vigent de protecci\u00f3 de dades.\" \/>\n<meta property=\"og:url\" content=\"https:\/\/psicologoshumanistasbcn.com\/ca\/politica-de-privacidad\/\" \/>\n<meta property=\"og:site_name\" content=\"Psic\u00f3loga Les Corts-Sarri\u00e0\" \/>\n<meta property=\"article:modified_time\" content=\"2026-02-04T16:22:09+00:00\" \/>\n<meta name=\"twitter:card\" content=\"summary_large_image\" \/>\n<meta name=\"twitter:label1\" content=\"Temps estimat de lectura\" \/>\n\t<meta name=\"twitter:data1\" content=\"11 minuts\" \/>\n<!-- \/ Yoast SEO plugin. -->","yoast_head_json":{"title":"Pol\u00edtica de Privadesa | Psic\u00f2legs Humanistes BCN","description":"Consulta la nostra pol\u00edtica de privadesa i descobreix com recopilem, protegim i gestionem les teves dades personals, complint la normativa vigent de protecci\u00f3 de dades.","robots":{"index":"index","follow":"follow","max-snippet":"max-snippet:-1","max-image-preview":"max-image-preview:large","max-video-preview":"max-video-preview:-1"},"canonical":"https:\/\/psicologoshumanistasbcn.com\/ca\/politica-de-privacidad\/","og_locale":"ca_ES","og_type":"article","og_title":"Pol\u00edtica de Privadesa | Psic\u00f2legs Humanistes BCN","og_description":"Consulta la nostra pol\u00edtica de privadesa i descobreix com recopilem, protegim i gestionem les teves dades personals, complint la normativa vigent de protecci\u00f3 de dades.","og_url":"https:\/\/psicologoshumanistasbcn.com\/ca\/politica-de-privacidad\/","og_site_name":"Psic\u00f3loga Les Corts-Sarri\u00e0","article_modified_time":"2026-02-04T16:22:09+00:00","twitter_card":"summary_large_image","twitter_misc":{"Temps estimat de lectura":"11 minuts"},"schema":{"@context":"https:\/\/schema.org","@graph":[{"@type":"WebPage","@id":"https:\/\/psicologoshumanistasbcn.com\/ca\/politica-de-privacidad\/","url":"https:\/\/psicologoshumanistasbcn.com\/ca\/politica-de-privacidad\/","name":"Pol\u00edtica de Privadesa | Psic\u00f2legs Humanistes BCN","isPartOf":{"@id":"https:\/\/psicologoshumanistasbcn.com\/ca\/#website"},"datePublished":"2025-12-16T08:48:15+00:00","dateModified":"2026-02-04T16:22:09+00:00","description":"Consulta la nostra pol\u00edtica de privadesa i descobreix com recopilem, protegim i gestionem les teves dades personals, complint la normativa vigent de protecci\u00f3 de dades.","breadcrumb":{"@id":"https:\/\/psicologoshumanistasbcn.com\/ca\/politica-de-privacidad\/#breadcrumb"},"inLanguage":"ca","potentialAction":[{"@type":"ReadAction","target":["https:\/\/psicologoshumanistasbcn.com\/ca\/politica-de-privacidad\/"]}]},{"@type":"BreadcrumbList","@id":"https:\/\/psicologoshumanistasbcn.com\/ca\/politica-de-privacidad\/#breadcrumb","itemListElement":[{"@type":"ListItem","position":1,"name":"Portada","item":"https:\/\/psicologoshumanistasbcn.com\/ca\/psicologa-online-y-presencial-terapia-psicologica-profesional\/"},{"@type":"ListItem","position":2,"name":"Pol\u00edtica de privadesa"}]},{"@type":"WebSite","@id":"https:\/\/psicologoshumanistasbcn.com\/ca\/#website","url":"https:\/\/psicologoshumanistasbcn.com\/ca\/","name":"Psic\u00f3loga Les Corts-Sarri\u00e0","description":"Psicoterapeuta Humanista Barcelona","potentialAction":[{"@type":"SearchAction","target":{"@type":"EntryPoint","urlTemplate":"https:\/\/psicologoshumanistasbcn.com\/ca\/?s={search_term_string}"},"query-input":{"@type":"PropertyValueSpecification","valueRequired":true,"valueName":"search_term_string"}}],"inLanguage":"ca"}]}},"_hostinger_reach_plugin_has_subscription_block":false,"_hostinger_reach_plugin_is_elementor":false,"_links":{"self":[{"href":"https:\/\/psicologoshumanistasbcn.com\/ca\/wp-json\/wp\/v2\/pages\/2108","targetHints":{"allow":["GET"]}}],"collection":[{"href":"https:\/\/psicologoshumanistasbcn.com\/ca\/wp-json\/wp\/v2\/pages"}],"about":[{"href":"https:\/\/psicologoshumanistasbcn.com\/ca\/wp-json\/wp\/v2\/types\/page"}],"author":[{"embeddable":true,"href":"https:\/\/psicologoshumanistasbcn.com\/ca\/wp-json\/wp\/v2\/users\/1"}],"replies":[{"embeddable":true,"href":"https:\/\/psicologoshumanistasbcn.com\/ca\/wp-json\/wp\/v2\/comments?post=2108"}],"version-history":[{"count":3,"href":"https:\/\/psicologoshumanistasbcn.com\/ca\/wp-json\/wp\/v2\/pages\/2108\/revisions"}],"predecessor-version":[{"id":2226,"href":"https:\/\/psicologoshumanistasbcn.com\/ca\/wp-json\/wp\/v2\/pages\/2108\/revisions\/2226"}],"wp:attachment":[{"href":"https:\/\/psicologoshumanistasbcn.com\/ca\/wp-json\/wp\/v2\/media?parent=2108"}],"curies":[{"name":"wp","href":"https:\/\/api.w.org\/{rel}","templated":true}]}}