{"id":2109,"date":"2025-12-03T08:47:38","date_gmt":"2025-12-03T08:47:38","guid":{"rendered":"https:\/\/psicologoshumanistasbcn.com\/ley-de-cookies\/"},"modified":"2026-02-04T15:30:15","modified_gmt":"2026-02-04T15:30:15","slug":"ley-de-cookies","status":"publish","type":"page","link":"https:\/\/psicologoshumanistasbcn.com\/ca\/ley-de-cookies\/","title":{"rendered":"Llei de cookies"},"content":{"rendered":"<div class=\"entry-content\">\n<h2><em>POL\u00cdTICA DE COOKIES<\/em><\/h2>\n<p>A causa de l&#8217;entrada en vigor de la referent modificaci\u00f3 de la \u201cLlei de Serveis de la Societat de la Informaci\u00f3\u201d (LSSICE) establerta pel Reial Decret 13\/2012, \u00e9s d&#8217;obligaci\u00f3 obtenir el consentiment expr\u00e9s de l&#8217;usuari de totes les p\u00e0gines web que usen cookies prescindibles, abans que aquest hi navegui.<\/p>\n<h2><span id=\"%C2%BFQUE_SON_LAS_COOKIES\" class=\"ez-toc-section\"><\/span><em>QU\u00c8 S\u00d3N LES COOKIES?<\/em><\/h2>\n<p>Les cookies i altres tecnologies similars com ara local shared objects, flash cookies o p\u00edxels, s\u00f3n eines emprades pels servidors web per emmagatzemar i recuperar informaci\u00f3 sobre els seus visitants, aix\u00ed com per oferir un correcte funcionament del lloc.<\/p>\n<p>Mitjan\u00e7ant l\u00fas daquests dispositius es permet al servidor web recordar algunes dades concernents a lusuari, com les seves prefer\u00e8ncies per a la visualitzaci\u00f3 de les p\u00e0gines daquest servidor, nom i contrasenya, productes que m\u00e9s li interessen, etc.<\/p>\n<h2><span id=\"COOKIES_AFECTADAS_POR_LA_NORMATIVA_Y_COOKIES_EXCEPTUADAS\" class=\"ez-toc-section\"><\/span><em>COOKIES AFECTADES PER LA NORMATIVA I COOKIES EXCEPTUADES<\/em><\/h2>\n<p>Segons la directiva de la UE, les galetes que requereixen el consentiment informat per part de l&#8217;usuari s\u00f3n les galetes d&#8217;anal\u00edtica i les de publicitat i afiliaci\u00f3, i queden exceptuades les de car\u00e0cter t\u00e8cnic i les necess\u00e0ries per al funcionament del lloc web o la prestaci\u00f3 de serveis expressament sol\u00b7licitats per l&#8217;usuari.<\/p>\n<h2><span id=\"%C2%BFQUE_TIPOS_DE_COOKIES_EXISTEN\" class=\"ez-toc-section\"><\/span><em>QUINS TIPUS DE COOKIES EXISTEIXEN?<\/em><\/h2>\n<h3><span id=\"SEGUN_LA_FINALIDAD\" class=\"ez-toc-section\"><\/span><strong>SEGONS LA FINALITAT<\/strong><\/h3>\n<ul>\n<li><strong>Cookies t\u00e8cniques i funcionals<\/strong>: s\u00f3n aquelles que permeten a l&#8217;usuari la navegaci\u00f3 a trav\u00e9s d&#8217;una p\u00e0gina web, plataforma o aplicaci\u00f3 i la utilitzaci\u00f3 de les diferents opcions o serveis que hi hagi.<\/li>\n<li><strong>Cookies anal\u00edtiques: <\/strong>s\u00f3n aquelles que permeten al responsable de les mateixes el seguiment i an\u00e0lisi del comportament dels usuaris dels llocs web a qu\u00e8 estan vinculades. La informaci\u00f3 recollida mitjan\u00e7ant aquest tipus de cookies s&#8217;utilitza en el mesurament de l&#8217;activitat dels llocs web, l&#8217;aplicaci\u00f3 o la plataforma i per a l&#8217;elaboraci\u00f3 de perfils de navegaci\u00f3 dels usuaris d&#8217;aquests llocs, aplicacions i plataformes, per introduir millores en funci\u00f3 de l&#8217;an\u00e0lisi de les dades d&#8217;\u00fas que fan els usuaris del servei.<\/li>\n<li><strong>Cookies publicit\u00e0ries:<\/strong> s\u00f3n aquelles que permeten la gesti\u00f3, de la manera m\u00e9s efica\u00e7 possible, dels espais publicitaris que, si escau, l&#8217;editor hagi incl\u00f2s en una p\u00e0gina web, aplicaci\u00f3 o plataforma des de la qual presta el servei sol\u00b7licitat segons criteris com el contingut editat o la freq\u00fc\u00e8ncia en qu\u00e8 es mostren els anuncis.<\/li>\n<li><strong>Galetes de publicitat comportamental:<\/strong> recullen informaci\u00f3 sobre les prefer\u00e8ncies i eleccions personals de l&#8217;usuari (retargeting) per permetre la gesti\u00f3, de la manera m\u00e9s efica\u00e7 possible, dels espais publicitaris que, si escau, l&#8217;editor hagi incl\u00f2s en una p\u00e0gina web, aplicaci\u00f3 o plataforma des de la qual presta el servei sol\u00b7licitat.<\/li>\n<li><strong>Cookies socials:<\/strong> s\u00f3n establertes per les plataformes de xarxes socials en els serveis per permetre compartir contingut amb els seus amics i xarxes. Les plataformes de mitjans socials tenen la capacitat de rastrejar la seva activitat en l\u00ednia fora dels serveis. Aix\u00f2 pot afectar el contingut i els missatges que veieu en altres serveis que visiteu.<\/li>\n<li><strong>Galetes d&#8217;afiliats:<\/strong> permeten fer un seguiment de les visites procedents d&#8217;altres webs, amb qu\u00e8 el lloc web estableix un contracte d&#8217;afiliaci\u00f3 (empreses d&#8217;afiliaci\u00f3).<\/li>\n<li><strong>Cookies de seguretat:<\/strong> emmagatzemen informaci\u00f3 xifrada per evitar que les dades guardades hi siguin vulnerables a atacs maliciosos de tercers.<\/li>\n<\/ul>\n<h3><span id=\"SEGUN_LA_PROPIEDAD\" class=\"ez-toc-section\"><\/span>SEGONS LA PROPIETAT<\/h3>\n<ul>\n<li><strong>Cookies pr\u00f2pies:<\/strong> s\u00f3n les que s&#8217;envien a l&#8217;equip terminal de l&#8217;usuari des d&#8217;un equip o domini gestionat pel mateix editor i des del qual es presta el servei sol\u00b7licitat per l&#8217;usuari.<\/li>\n<li><strong>Galetes de tercers<\/strong>: s\u00f3n aquelles que s&#8217;envien a l&#8217;equip terminal de l&#8217;usuari des d&#8217;un equip o domini que no \u00e9s gestionat per l&#8217;editor, sin\u00f3 per una altra entitat que tracta les dades obtingudes a trav\u00e9s de les galetes.<\/li>\n<\/ul>\n<h3><span id=\"SEGUN_EL_PLAZO_DE_CONSERVACION\" class=\"ez-toc-section\"><\/span>SEGONS EL TERMINI DE CONSERVACI\u00d3<\/h3>\n<ul>\n<li><strong>Cookies de sessi\u00f3: <\/strong>s\u00f3n un tipus de cookies dissenyades per demanar i emmagatzemar dades mentre l&#8217;usuari accedeix a una p\u00e0gina web.<\/li>\n<li><strong>Cookies persistents<\/strong>: s\u00f3n un tipus de cookies en qu\u00e8 les dades segueixen emmagatzemades al terminal i poden ser accedides i tractades durant un per\u00edode definit pel responsable de la galeta, i que pot anar d&#8217;uns minuts a diversos anys.<\/li>\n<\/ul>\n<h2><span id=\"COOKIES_UTILIZADAS_EN_ESTE_SITIO_WEB\" class=\"ez-toc-section\"><\/span><em>COOKIES <\/em>UTILITZADES EN AQUEST LLOC WEB<\/h2>\n<h3><span id=\"COOKIES_CONTROLADAS_POR_EL_EDITOR\" class=\"ez-toc-section\"><\/span><em>COOKIES<\/em> CONTROLADES PER L&#8217;EDITOR<\/h3>\n<h4><span id=\"Tecnicas_y_funcionales\" class=\"ez-toc-section\"><\/span><strong>T\u00e8cniques i funcionals<\/strong><\/h4>\n<figure class=\"wp-block-table is-style-regular\">C<\/p>\n<table class=\"has-fixed-layout\">\n<thead>\n<tr>\n<th><strong>Propiedad<\/strong><\/th>\n<th><strong><em>Cookie<\/em><\/strong><\/th>\n<th><strong>Finalidad<\/strong><\/th>\n<th><strong>Plazo<\/strong><\/th>\n<\/tr>\n<\/thead>\n<tbody>\n<tr>\n<td>psicologoshumanistasbcn<\/td>\n<td><strong>cmplz_marketing<\/strong><\/td>\n<td>ookie necess\u00e0ria per a la utilitzaci\u00f3 de les opcions i<br \/>\nserveis del lloc web<\/td>\n<td>en un any<\/td>\n<\/tr>\n<tr>\n<td>psicologoshumanistasbcn<\/td>\n<td><strong>complianz_consent_status<\/strong><\/td>\n<td>Cookie necess\u00e0ria per a la utilitzaci\u00f3 de les opcions i<br \/>\nserveis del lloc web<\/td>\n<td>en un any<\/td>\n<\/tr>\n<tr>\n<td>psicologoshumanistasbcn<\/td>\n<td><strong>complianz_policy_id<\/strong><\/td>\n<td>Cookie necess\u00e0ria per a la utilitzaci\u00f3 de les opcions i<br \/>\nserveis del lloc web<\/td>\n<td>en un any<\/td>\n<\/tr>\n<tr>\n<td>psicologoshumanistasbcn<\/td>\n<td><strong>tocplus_hideto<br \/>\nc<\/strong><\/td>\n<td>Cookie necess\u00e0ria per a la utilitzaci\u00f3 de les opcions i<br \/>\nserveis del lloc web<\/td>\n<td>en un mes<\/td>\n<\/tr>\n<\/tbody>\n<\/table>\n<\/figure>\n<h4><span id=\"Analiticas\" class=\"ez-toc-section\"><\/span><strong>Anal\u00edtiques<\/strong><\/h4>\n<figure class=\"wp-block-table\">\n<table class=\"has-fixed-layout\">\n<thead>\n<tr>\n<th><strong>Propiedad<\/strong><\/th>\n<th><strong><em>Cookie<\/em><\/strong><\/th>\n<th><strong>Finalidad<\/strong><\/th>\n<th><strong>Plazo<\/strong><\/th>\n<\/tr>\n<\/thead>\n<tbody>\n<tr>\n<td>psicologoshumanistasbcn<\/td>\n<td><strong>_ga<\/strong><\/td>\n<td>ID utilitza per identificar els usuaris<\/td>\n<td>en 2 anys<\/td>\n<\/tr>\n<tr>\n<td>psicologoshumanistasbcn<\/td>\n<td><strong>_gat<\/strong><\/td>\n<td>S&#8217;utilitza per monitoritzar el nombre de peticions al servidor de Google Analytics quan s&#8217;utilitza l&#8217;administrador d&#8217;etiquetes Google<\/td>\n<td>sessi\u00f3<\/td>\n<\/tr>\n<tr>\n<td>psicologoshumanistasbcn<\/td>\n<td><strong>_gid<\/strong><\/td>\n<td>ID utilitza per identificar els usuaris durant 24 hores despr\u00e9s de la darrera activitat<\/td>\n<td>en 22 hores<\/td>\n<\/tr>\n<\/tbody>\n<\/table>\n<\/figure>\n<h3><span id=\"COOKIES_DE_TERCEROS\" class=\"ez-toc-section\"><\/span><em>COOKIES<\/em> DE TERCERS<\/h3>\n<p>Els serveis de tercers s\u00f3n aliens al control de l&#8217;editor. Els prove\u00efdors poden modificar en tot moment les condicions de servei, finalitat i utilitzaci\u00f3 de les cookies, etc.<\/p>\n<h4><span id=\"Proveedores_externos_de_este_sitio_web\" class=\"ez-toc-section\"><\/span><strong>Prove\u00efdors externs d&#8217;aquest lloc web:<\/strong><\/h4>\n<figure class=\"wp-block-table\">\n<table class=\"has-fixed-layout\">\n<thead>\n<tr>\n<th>Editor<\/th>\n<th>Pol\u00edtica de privadesa<\/th>\n<\/tr>\n<\/thead>\n<tbody>\n<tr>\n<td>Google Analytics<\/td>\n<td><a href=\"https:\/\/privacy.google.com\/take-control.html\" target=\"_blank\" rel=\"noreferrer noopener nofollow\">https:\/\/privacy.google.com\/take-control.html<\/a><\/td>\n<\/tr>\n<tr>\n<td>Medios socials<\/td>\n<td><a href=\"https:\/\/www.facebook.com\/policies\/cookies\/\" target=\"_blank\" rel=\"noreferrer noopener nofollow\">Facebook<\/a><\/td>\n<\/tr>\n<\/tbody>\n<\/table>\n<\/figure>\n<h2><span id=\"REVOCACION_DEL_CONSENTIMIENTO_PARA_INSTALAR_COOKIES\" class=\"ez-toc-section\"><\/span>REVOCACI\u00d3 DEL CONSENTIMENT PER INSTAL\u00b7LAR COOKIES<\/h2>\n<p><strong>Podeu seguir les seg\u00fcents instruccions per revocar les <em><a href=\"https:\/\/psicologoshumanistasbcn.com\/politica-de-cookies\/\" target=\"_blank\" rel=\"noreferrer noopener\">Cookies<\/a><\/em>.<\/strong><\/p>\n<h2><span id=\"COMO_GESTIONAR_LAS_COOKIES_DESDE_EL_NAVEGADOR\" class=\"ez-toc-section\"><\/span>COM GESTIONAR LES COOKIES DES DEL NAVEGADOR<\/h2>\n<ul>\n<li><strong>Eliminar les galetes del dispositiu: <\/strong>Les galetes que ja estan en un dispositiu es poden eliminar esborrant l&#8217;historial del navegador, de manera que se suprimeixen les galetes de tots els llocs web visitats. No obstant aix\u00f2, tamb\u00e9 podeu perdre part de la informaci\u00f3 desada (per exemple, les dades d&#8217;inici de sessi\u00f3 o les prefer\u00e8ncies de lloc web).<\/li>\n<li><strong>Gestionar les galetes espec\u00edfiques del lloc:<\/strong> Per tenir un control m\u00e9s prec\u00eds de les galetes espec\u00edfiques de cada lloc, els usuaris poden ajustar la seva configuraci\u00f3 de privadesa i galetes al navegador.<\/li>\n<li><strong>Bloquejar les galetes: <\/strong>Encara que la majoria dels navegadors moderns es poden configurar per evitar que s&#8217;instal\u00b7lin galetes als dispositius, aix\u00f2 pot obligar a l&#8217;ajust manual de determinades prefer\u00e8ncies cada vegada que es visiti un lloc o p\u00e0gina. A m\u00e9s, alguns serveis i caracter\u00edstiques poden no funcionar correctament (per exemple, els inicis de sessi\u00f3 amb perfil).<\/li>\n<\/ul>\n<h2><span id=\"COMO_ELIMINAR_LAS_COOKIES_DE_LOS_NAVEGADORES_MAS_COMUNES\" class=\"ez-toc-section\"><\/span>COM ELIMINAR LES COOKIES DELS NAVEGADORS M\u00c9S COMUNS<\/h2>\n<h3><span id=\"Chrome\" class=\"ez-toc-section\"><\/span>Chrome<\/h3>\n<p>1. Seleccioneu la icona d&#8217;Eines<br \/>\n2. Feu clic a Configuraci\u00f3.<br \/>\n3. Feu clic a Mostra Opcions Avan\u00e7ades.<br \/>\n4. A la secci\u00f3 \u201cPrivadesa\u201d fes clic a Configuraci\u00f3 de contingut.<br \/>\n\u2022 Eliminar cookies: Feu clic a Totes les cookies i les dades de llocs\u2026<br \/>\n\u2022 No permeteu que s&#8217;emmagatzemin cookies.<br \/>\n5. Feu clic a Suprimeix les dades de navegaci\u00f3 (buidar la mem\u00f2ria cau).<br \/>\n6. Tanqueu i reinicieu el navegador.<\/p>\n<p>Per a m\u00e9s informaci\u00f3 sobre Chrome feu clic aqu\u00ed: <a href=\"http:\/\/support.google.com\/chrome\/answer\/95647?hl=es\" target=\"_blank\" rel=\"noreferrer noopener nofollow\">http:\/\/support.google.com\/chrome\/answer\/95647?hl=es<\/a><\/p>\n<h3><span id=\"Internet_Explorer_Version_11\" class=\"ez-toc-section\"><\/span>Internet Explorer. Versi\u00f3n 11<\/h3>\n<p>1. Seleccioneu Eines | Opcions dInternet.<br \/>\n2. Feu clic a la pestanya General.<br \/>\n3. A la secci\u00f3 \u201cHistorial d&#8217;exploraci\u00f3\u201d, feu clic a Suprimeix l&#8217;historial d&#8217;exploraci\u00f3 en sortir.<br \/>\n4. Seleccioneu Suprimeix fitxers.<br \/>\n5. Seleccioneu Suprimeix les galetes.<br \/>\n6. Feu clic a Suprimeix.<br \/>\n7. Feu clic a D&#8217;acord.<br \/>\n8. Tanqueu i reinicieu el navegador.<\/p>\n<p>Per a m\u00e9s informaci\u00f3 sobre Internet Explorer premi aqu\u00ed: <a href=\"https:\/\/support.microsoft.com\/es-es\/help\/278835\/how-to-delete-cookie-files-in-internet-explorer\" target=\"_blank\" rel=\"noreferrer noopener nofollow\">https:\/\/support.microsoft.com\/es-es\/help\/278835\/how-to-delete-cookie-files-in-internet-explorer<\/a><\/p>\n<h3 id=\"cookies-mozilla-firefox-habilitar-deshabilitar\"><span id=\"Mozilla_Firefox_Version_18\" class=\"ez-toc-section\"><\/span>Mozilla Firefox. Versi\u00f3n 18<\/h3>\n<p>1. Seleccioneu Firefox | Historial | Netejar l&#8217;historial recent.<br \/>\n2. Al costat de \u201cDetalls\u201d, feu clic a la fletxa cap avall.<br \/>\n3. Seleccioneu les caselles de verificaci\u00f3 seg\u00fcents: Galetes, Mem\u00f2ria cau, Inicis de sessi\u00f3 actius<br \/>\n4. Usant el \u201cInterval de temps per esborrar\u201d al men\u00fa desplegable, seleccioneu Tot.<br \/>\n5. Feu clic a Suprimeix ara.<br \/>\n6. Tanqueu i torneu a obrir el navegador.<\/p>\n<p>Podeu acceptar o rebutjar les <em>cookies<\/em> individualment a les Prefer\u00e8ncies de Firefox, a la secci\u00f3 Historial disponible a Eines &gt; Opcions &gt; Privadesa.<\/p>\n<p>Per a m\u00e9s informaci\u00f3 sobre Mozilla Firefox, feu clic aqu\u00ed: <a href=\"https:\/\/www.mozilla.org\/es-ES\/privacy\/websites\/#cookies\" target=\"_blank\" rel=\"noreferrer noopener nofollow\">https:\/\/www.mozilla.org\/es-ES\/privacy\/websites\/#cookies<\/a><\/p>\n<h3 id=\"cookies-apple-safari\"><span id=\"Safari_Version_51\" class=\"ez-toc-section\"><\/span>Safari Versi\u00f3 5.1<\/h3>\n<p>1. Seleccioneu la icona de Safari \/ Editar | Restaurar Safari.<br \/>\n2. Seleccioneu les caselles de verificaci\u00f3 seg\u00fcents: Esborrar l&#8217;historial, Eliminar totes les dades del lloc web<br \/>\n3. Feu clic a Restablir.<br \/>\n4. Tanqueu i torneu a obrir el navegador.<\/p>\n<p>Per a m\u00e9s informaci\u00f3 sobre Safari, feu clic aqu\u00ed: <a href=\"https:\/\/www.apple.com\/legal\/privacy\/en-ww\/cookies\/\" target=\"_blank\" rel=\"noreferrer noopener nofollow\">https:\/\/www.apple.com\/legal\/privacy\/en-ww\/cookies\/<\/a><\/p>\n<h3><span id=\"Opera\" class=\"ez-toc-section\"><\/span>Opera<\/h3>\n<p>Opcions \u2013 Avan\u00e7at \u2013 Cookies.<br \/>\nLes opcions de <em>cookies<\/em> controlen la manera com l&#8217;Opera les gestiona i, per tant, la seva acceptaci\u00f3 o rebuig.<\/p>\n<p>Per a m\u00e9s informaci\u00f3 sobre Opera, feu clic aqu\u00ed:<a href=\"https:\/\/help.opera.com\/en\/latest\/security-and-privacy\/#clearBrowsingData\" target=\"_blank\" rel=\"noreferrer noopener nofollow\"> https:\/\/help.opera.com\/en\/latest\/security-and-privacy\/#clearBrowsingData<\/a><\/p>\n<h3><span id=\"Otros_navegadores\" class=\"ez-toc-section\"><\/span>Altres navegadors<\/h3>\n<p>Consulteu la documentaci\u00f3 del navegador que tingueu instal\u00b7lat.<\/p>\n<p><a href=\"http:\/\/support.google.com\/chrome\/bin\/answer.py?hl=es-419&amp;answer=95647\" target=\"_blank\" rel=\"noopener noreferrer\"><u>Google Chrome<\/u><\/a> \u2013 <a href=\"https:\/\/support.microsoft.com\/es-es\/help\/17442\/windows-internet-explorer-delete-manage-cookies\" target=\"_blank\" rel=\"noreferrer noopener nofollow\"><u>Internet Explorer<\/u><\/a> \u2013 <a href=\"https:\/\/psicologoshumanistasbcn.com\/politica-de-cookies\/#cookies-mozilla-firefox-habilitar-deshabilitar\" target=\"_blank\" rel=\"noreferrer noopener\"><u>Mozilla Firefox<\/u><\/a> \u2013 <a href=\"https:\/\/www.apple.com\/legal\/privacy\/en-ww\/cookies\/\" target=\"_blank\" rel=\"noreferrer noopener nofollow\"><u>Apple Safari<\/u><\/a><\/p>\n<hr class=\"wp-block-separator\" \/>\n<\/div>\n","protected":false},"excerpt":{"rendered":"<p>POL\u00cdTICA DE COOKIES A causa de l&#8217;entrada en vigor de  [&#8230;]<\/p>\n","protected":false},"author":1,"featured_media":0,"parent":0,"menu_order":0,"comment_status":"closed","ping_status":"closed","template":"","meta":{"footnotes":""},"class_list":["post-2109","page","type-page","status-publish","hentry"],"yoast_head":"<!-- This site is optimized with the Yoast SEO plugin v26.8 - https:\/\/yoast.com\/product\/yoast-seo-wordpress\/ -->\n<title>Llei de cookies - Psic\u00f3loga Les Corts-Sarri\u00e0<\/title>\n<meta name=\"robots\" content=\"index, follow, max-snippet:-1, max-image-preview:large, max-video-preview:-1\" \/>\n<link rel=\"canonical\" href=\"https:\/\/psicologoshumanistasbcn.com\/ca\/ley-de-cookies\/\" \/>\n<meta property=\"og:locale\" content=\"ca_ES\" \/>\n<meta property=\"og:type\" content=\"article\" \/>\n<meta property=\"og:title\" content=\"Llei de cookies - Psic\u00f3loga Les Corts-Sarri\u00e0\" \/>\n<meta property=\"og:description\" content=\"POL\u00cdTICA DE COOKIES A causa de l&#8217;entrada en vigor de [...]\" \/>\n<meta property=\"og:url\" content=\"https:\/\/psicologoshumanistasbcn.com\/ca\/ley-de-cookies\/\" \/>\n<meta property=\"og:site_name\" content=\"Psic\u00f3loga Les Corts-Sarri\u00e0\" \/>\n<meta property=\"article:modified_time\" content=\"2026-02-04T15:30:15+00:00\" \/>\n<meta name=\"twitter:card\" content=\"summary_large_image\" \/>\n<meta name=\"twitter:label1\" content=\"Temps estimat de lectura\" \/>\n\t<meta name=\"twitter:data1\" content=\"7 minuts\" \/>\n<!-- \/ Yoast SEO plugin. -->","yoast_head_json":{"title":"Llei de cookies - Psic\u00f3loga Les Corts-Sarri\u00e0","robots":{"index":"index","follow":"follow","max-snippet":"max-snippet:-1","max-image-preview":"max-image-preview:large","max-video-preview":"max-video-preview:-1"},"canonical":"https:\/\/psicologoshumanistasbcn.com\/ca\/ley-de-cookies\/","og_locale":"ca_ES","og_type":"article","og_title":"Llei de cookies - Psic\u00f3loga Les Corts-Sarri\u00e0","og_description":"POL\u00cdTICA DE COOKIES A causa de l&#8217;entrada en vigor de [...]","og_url":"https:\/\/psicologoshumanistasbcn.com\/ca\/ley-de-cookies\/","og_site_name":"Psic\u00f3loga Les Corts-Sarri\u00e0","article_modified_time":"2026-02-04T15:30:15+00:00","twitter_card":"summary_large_image","twitter_misc":{"Temps estimat de lectura":"7 minuts"},"schema":{"@context":"https:\/\/schema.org","@graph":[{"@type":"WebPage","@id":"https:\/\/psicologoshumanistasbcn.com\/ca\/ley-de-cookies\/","url":"https:\/\/psicologoshumanistasbcn.com\/ca\/ley-de-cookies\/","name":"Llei de cookies - Psic\u00f3loga Les Corts-Sarri\u00e0","isPartOf":{"@id":"https:\/\/psicologoshumanistasbcn.com\/ca\/#website"},"datePublished":"2025-12-03T08:47:38+00:00","dateModified":"2026-02-04T15:30:15+00:00","breadcrumb":{"@id":"https:\/\/psicologoshumanistasbcn.com\/ca\/ley-de-cookies\/#breadcrumb"},"inLanguage":"ca","potentialAction":[{"@type":"ReadAction","target":["https:\/\/psicologoshumanistasbcn.com\/ca\/ley-de-cookies\/"]}]},{"@type":"BreadcrumbList","@id":"https:\/\/psicologoshumanistasbcn.com\/ca\/ley-de-cookies\/#breadcrumb","itemListElement":[{"@type":"ListItem","position":1,"name":"Portada","item":"https:\/\/psicologoshumanistasbcn.com\/ca\/psicologa-online-y-presencial-terapia-psicologica-profesional\/"},{"@type":"ListItem","position":2,"name":"Llei de cookies"}]},{"@type":"WebSite","@id":"https:\/\/psicologoshumanistasbcn.com\/ca\/#website","url":"https:\/\/psicologoshumanistasbcn.com\/ca\/","name":"Psic\u00f3loga Les Corts-Sarri\u00e0","description":"Psicoterapeuta Humanista Barcelona","potentialAction":[{"@type":"SearchAction","target":{"@type":"EntryPoint","urlTemplate":"https:\/\/psicologoshumanistasbcn.com\/ca\/?s={search_term_string}"},"query-input":{"@type":"PropertyValueSpecification","valueRequired":true,"valueName":"search_term_string"}}],"inLanguage":"ca"}]}},"_hostinger_reach_plugin_has_subscription_block":false,"_hostinger_reach_plugin_is_elementor":false,"_links":{"self":[{"href":"https:\/\/psicologoshumanistasbcn.com\/ca\/wp-json\/wp\/v2\/pages\/2109","targetHints":{"allow":["GET"]}}],"collection":[{"href":"https:\/\/psicologoshumanistasbcn.com\/ca\/wp-json\/wp\/v2\/pages"}],"about":[{"href":"https:\/\/psicologoshumanistasbcn.com\/ca\/wp-json\/wp\/v2\/types\/page"}],"author":[{"embeddable":true,"href":"https:\/\/psicologoshumanistasbcn.com\/ca\/wp-json\/wp\/v2\/users\/1"}],"replies":[{"embeddable":true,"href":"https:\/\/psicologoshumanistasbcn.com\/ca\/wp-json\/wp\/v2\/comments?post=2109"}],"version-history":[{"count":2,"href":"https:\/\/psicologoshumanistasbcn.com\/ca\/wp-json\/wp\/v2\/pages\/2109\/revisions"}],"predecessor-version":[{"id":2224,"href":"https:\/\/psicologoshumanistasbcn.com\/ca\/wp-json\/wp\/v2\/pages\/2109\/revisions\/2224"}],"wp:attachment":[{"href":"https:\/\/psicologoshumanistasbcn.com\/ca\/wp-json\/wp\/v2\/media?parent=2109"}],"curies":[{"name":"wp","href":"https:\/\/api.w.org\/{rel}","templated":true}]}}