{"id":2110,"date":"2025-11-25T08:47:05","date_gmt":"2025-11-25T08:47:05","guid":{"rendered":"https:\/\/psicologoshumanistasbcn.com\/condiciones-de-uso\/"},"modified":"2026-02-04T16:17:39","modified_gmt":"2026-02-04T16:17:39","slug":"condiciones-de-uso","status":"publish","type":"page","link":"https:\/\/psicologoshumanistasbcn.com\/ca\/condiciones-de-uso\/","title":{"rendered":"Condicions d&#8217;\u00fas"},"content":{"rendered":"<p><strong>1.-OBJECTE<\/strong><\/p>\n<p>En compliment de la Llei 34\/2002, d&#8217;11 de juliol, de Serveis de la Societat de la Informaci\u00f3 i de Comer\u00e7 Electr\u00f2nic (LSSI-CE), s&#8217;informa que les presents Condicions Generals d&#8217;Acc\u00e9s i \u00das (d&#8217;ara endavant les \u00b7 Condicions d&#8217;\u00das\u00b7) tenen per objecte regular les condicions d&#8217;\u00fas i utilitzaci\u00f3 del website o llocs web d&#8217;Internet empla\u00e7ats\/des en la direcci\u00f3:<\/p>\n<div>\n<div>CRISTINA MARTINEZ QUINTANILLA PIQUE<\/div>\n<div>NIF : 46570774Y<\/div>\n<div>Carrer de Corsega 75-Planta 7\u00ba 3, 08029 Barcelona, Barcelona<\/div>\n<\/div>\n<p>(d&#8217;ara endavant psicologoshumanistasbcn.com).<\/p>\n<p>psicologoshumanistasbcn.com , ha estat elaborada per donar a con\u00e8ixer i permetre l&#8217;acc\u00e9s a la informaci\u00f3 continguda, amb les restriccions i limitacions que imposen les presents Condicions Generals aix\u00ed com permetre i possibilitar l&#8217;acc\u00e9s a altres p\u00e0gines amb qu\u00e8 el web de psicologoshumanistasbcn.com, tingui relacions comercials, professionals o de qualsevol altra \u00edndole.<\/p>\n<p>L&#8217;Objecte social de psicologoshumanistasbcn.com \u00e9s:<\/p>\n<p>psicologoshumanistasbcn.com \u00e9s un lloc web de venda en l\u00ednia de serveis psicologia humanista<\/p>\n<p><strong>2.-DRETS I OBLIGACIONS DE L&#8217;USUARI<\/strong><\/p>\n<p><strong>2.1.-CONDICIONS D&#8217;ACC\u00c9S I \u00daS<\/strong><\/p>\n<p>A trav\u00e9s de l&#8217;adre\u00e7a empla\u00e7ada a psicologoshumanistasbcn.com, qualsevol usuari podr\u00e0 accedir gratu\u00eftament a la informaci\u00f3 continguda a l&#8217;esmentat WEBSITE.<\/p>\n<p>Les condicions d&#8217;acc\u00e9s al web estan supeditades a les disposicions legals vigents a cada moment aix\u00ed com als principis de bona fe i \u00fas l\u00edcit per part de l&#8217;Usuari, prohibint-se expressament i taxativament qualsevol tipus d&#8217;actuaci\u00f3 que pogu\u00e9s anar en detriment o perjudici del Portal o de tercers.<\/p>\n<p>El web no exigeix \u200b\u200bla subscripci\u00f3 pr\u00e8via ni el registre per a la simple navegaci\u00f3, o per a l&#8217;acc\u00e9s o utilitzaci\u00f3 d&#8217;alguns serveis del web. Per contra, per rebre avisos per correu electr\u00f2nic de novetats a les ofertes o descomptes cal subscriure&#8217;s.<\/p>\n<p>Els serveis o continguts que exigeixin subscripci\u00f3 per al seu acc\u00e9s o \u00fas s&#8217;han d&#8217;adjuntar de l&#8217;av\u00eds corresponent de necessitat de subscripci\u00f3. Pel que fa al tractament de dades personals es refereixi, vegeu la Pol\u00edtica de Privadesa de psicologoshumanistasbcn.com.<\/p>\n<p><strong>2.1.1.-ACCEPTACI\u00d3 DE LES CONDICIONS \/ SUBSCRIPCI\u00d3 D&#8217;USUARI<\/strong><\/p>\n<p>La simple utilitzaci\u00f3 del web o la confirmaci\u00f3 del corresponent camp en el proc\u00e9s de registre com a Usuari Subscriptor implicar\u00e0 que queden acceptades les condicions generals d&#8217;\u00fas de psicologoshumanistasbcn.com.<\/p>\n<p>A trav\u00e9s del web de psicologoshumanistasbcn.com es facilitar\u00e0 a tots els Usuaris la possibilitat d&#8217;accedir als continguts, serveis i altra informaci\u00f3 concernent a l&#8217;objecte social de la present entitat.<\/p>\n<p>Aquestes condicions d&#8217;\u00fas constitueixen \u00edntegrament all\u00f2 convingut entre les parts tant en l&#8217;acc\u00e9s i l&#8217;\u00fas.<\/p>\n<p>psicologoshumanistasbcn.com est\u00e0 facultada per modificar unilateralment totes i cadascuna de les obligacions disposades a les presents Condicions Generals d&#8217;\u00das, sense necessitat de previ av\u00eds. Igualment est\u00e0 capacitada per reestructurar, modificar o eliminar qualsevol informaci\u00f3, servei o contingut incl\u00f2s al website, sense necessitat de previ av\u00eds. La modificaci\u00f3 de qualsevol de les presents condicions generals per a un cas particular nom\u00e9s t\u00e9 validesa quan hagi estat recollida per escrit i signada pels representants legals de cada part.<\/p>\n<p>Igualment, psicologoshumanistasbcn.com es reserva el perm\u00eds d&#8217;acc\u00e9s o \u00fas d&#8217;alguns dels Serveis del web, ara o en un futur, podent exigir per accedir-hi la condici\u00f3 d&#8217;Usuari Subscrit, condici\u00f3 que en aquest cas es podr\u00e0 obtenir mitjan\u00e7ant la inserci\u00f3 de l&#8217;e-mail de l&#8217;usuari a la corresponent casella de subscripci\u00f3 d&#8217;Usuaris que psicologoshumanistasbcn.<\/p>\n<p><strong>Veracitat de les dades<\/strong><\/p>\n<p>Per emplenar aquests formularis, caselles de subscripci\u00f3 o eines similars, l&#8217;USUARI reconeix que les dades subministrades s\u00f3n obtingudes directament de l&#8217;usuari, veraces i certes, i es compromet a notificar a psicologoshumanistasbcn.com, qualsevol canvi o modificaci\u00f3 que s&#8217;hi produeixi.<\/p>\n<p><strong>2.2.-CONTINGUT I ACTUACIONS DE L&#8217;USUARI<\/strong><\/p>\n<p>L&#8217;Usuari es compromet a fer-ne un \u00fas l\u00edcit, diligent, honrat i correcte de tota la informaci\u00f3 o contingut que tingui acc\u00e9s b\u00e9 a trav\u00e9s de la p\u00e0gina web de psicologoshumanistasbcn.com o de tercers pr\u00e8viament proporcionada per psicologoshumanistasbcn.com i tot aix\u00f2 sota els principis de la bona fe i amb respecte en tot moment a la legalitat vigent.<\/p>\n<p>L&#8217;Usuari haur\u00e0 d&#8217;abstenir-se d&#8217;obtenir, excepte per a \u00fas personal, tota la informaci\u00f3 (ent\u00e9n per informaci\u00f3 com qualsevol missatge, arxius de so, fotografies, dibuixos, programari i en general qualsevol classe o tipus d&#8217;arxiu inform\u00e0tic, gr\u00e0fic, etc.) que sigui propietat del web.<\/p>\n<p>Igualment l&#8217;Usuari adquireix el comprom\u00eds de no provocar ni maliciosa ni intencionadament danys o perjudicis que puguin menyscabar, alterar el propi web aix\u00ed com no introduir, ni difondre els anomenats virus inform\u00e0tics que puguin produir alteracions no autoritzades dels continguts o sistemes integrants del web. El comprom\u00eds adquirit s&#8217;ha de regir sobre la utilitzaci\u00f3 continguts de conformitat amb all\u00f2 que disposa la llei, moral i ordre p\u00fablic; no copiar, reproduir, distribuir, cedir, transformar o modificar els continguts sense previ consentiment i per escrit de psicologoshumanistasbcn.com o persona per aquest delegada.<\/p>\n<p>Pel que fa a aix\u00f2, psicologoshumanistasbcn.com s&#8217;exonera de qualsevol tipus de fallada o virus inform\u00e0tic introdu\u00eft per tercers.<\/p>\n<p>A complir tots els requisits disposats en relaci\u00f3 amb els drets de propietat intel\u00b7lectual, industrial i altres an\u00e0legs.<\/p>\n<p>La informaci\u00f3 proporcionada A LA WEB no haur\u00e0 de ser considerada en cap moment ni completa ni exhaustiva. psicologoshumanistasbcn.com per part seva tractar\u00e0 en la mesura de les seves possibilitats d&#8217;actualitzar constantment aquesta informaci\u00f3.<\/p>\n<p>psicologoshumanistasbcn.com manifesta que el servei\/producte ofert a la web es correspon amb la descripci\u00f3 del mateix. No obstant aix\u00f2, queda exonerada de responsabilitat per a aquells sup\u00f2sits en qu\u00e8 per errors t\u00e8cnics o humans hi hagu\u00e9s equivocacions o variacions entre les imatges, la descripci\u00f3 i el preu. Igualment es posa de manifest que les fotografies tenen un mer car\u00e0cter orientatiu podent existir variacions pel que fa al seu aspecte f\u00edsic respecte per\u00f2 sense menyscabar la integritat i prestacions del servei\/producte ofert i\/o sol\u00b7licitat.<\/p>\n<p>psicologoshumanistasbcn.com s&#8217;exonera dels continguts, informaci\u00f3, opinions o comentaris difosos a trav\u00e9s del web ni respondr\u00e0 de l&#8217;\u00fas que l&#8217;Usuari faci d&#8217;aquesta informaci\u00f3.<\/p>\n<p><strong>3.- DRET I OBLIGACIONS DE psicologoshumanistasbcn.com<\/strong><\/p>\n<p>psicologoshumanistasbcn.com respondr\u00e0 \u00fanica i exclusivament dels serveis que presti per ella mateixa i dels continguts directament originats pel propi web i identificat amb el corresponent copyright.<\/p>\n<p>psicologoshumanistasbcn.com es compromet a l&#8217;adopci\u00f3 dels mitjans i mesures necess\u00e0ries que permetin garantir la seguretat i la privadesa en les comunicacions. No respondr\u00e0 quan adoptades les mesures de seguretat pertinents, aquestes siguin vulnerades per agents externs.<\/p>\n<p>psicologoshumanistasbcn.com no ser\u00e0 responsable ni tan sols de forma indirecta o subsidi\u00e0ria, per cap contingut, informaci\u00f3, opini\u00f3 o manifestaci\u00f3 de qualsevol tipus, que tingui el seu origen a l&#8217;Usuari o terceres persones o entitats i que tinguin acc\u00e9s, transmetin, comuniquin, tractin, exhibeixin o venguin aquesta informaci\u00f3 al web titularitat de psicologoshumanistasbcn.com.<\/p>\n<p>psicologoshumanistasbcn.com es reserva el dret a suspendre temporalment la prestaci\u00f3 del servei sense av\u00eds previ a l&#8217;Usuari, sempre que sigui necessari per efectuar operacions de manteniment, actualitzaci\u00f3 o millora del servei. Igualment podr\u00e0 modificar les condicions d&#8217;acc\u00e9s i o ubicaci\u00f3 concreta del contingut integrant del web, aix\u00ed com impedir, restringir, bloquejar, suprimir o retirar l&#8217;acc\u00e9s als serveis als Usuaris quan aquests no fessin un \u00fas l\u00edcit, honrat i diligent dels serveis prestats al website. En la mateixa l\u00ednia podr\u00e0 retirar, bloquejar o restringir l&#8217;\u00fas dels continguts introdu\u00efts per terceres persones que siguin il\u00b7l\u00edcits, racistes delictius, d&#8217;apologia de terrorisme, violaci\u00f3 de drets humans, difamatoris, pornogr\u00e0fics, constitutius d&#8217;estafa o de qualsevol altra manera que infringeixin les lleis o les normatives aplicables, tant nacionals com internacionals.<\/p>\n<p>psicologoshumanistasbcn.com no assegura la disponibilitat i continu\u00eftat permanent del web a causa d&#8217;interrupcions, errors etc. aix\u00ed com tampoc respondr\u00e0 dels danys i perjudicis que pugui causar als Usuaris pels virus inform\u00e0tics o agents externs que terceres persones puguin dipositar al website o als documents electr\u00f2nics i fitxers emmagatzemats al sistema inform\u00e0tic.<\/p>\n<p>El Website posa a disposici\u00f3 dels Usuaris certes eines com ara fitxes, botons, banners, links o enlla\u00e7os que permetin a l&#8217;Usuari accedir a continguts o altres llocs relacionats amb l&#8217;activitat del web o altres de diferents. La instal\u00b7laci\u00f3 d&#8217;aquestes eines tenen com a fi \u00faltim proporcionar i facilitar la navegaci\u00f3 a l&#8217;Usuari, i no \u00e9s responsable part psicologoshumanistasbcn.com dels websites als quals accedeixi l&#8217;Usuari a trav\u00e9s de la seva p\u00e0gina, pel que pugui afectar el Dret a l&#8217;Honor i la informaci\u00f3 proporcionada. Per la seva banda, psicologoshumanistasbcn.com tractar\u00e0 en la mesura de les seves possibilitats de comprovar aquests hipervincles, restringint, bloquejant o suspenent aquests botons quan atemptin contra el principi descrit en les presents Condicions Generals.<\/p>\n<p><strong>4.-PROPIETAT INTEL\u00b7LECTUAL<\/strong><\/p>\n<p>La totalitat dels continguts a qu\u00e8 s&#8217;accedeixi a trav\u00e9s del servei prestat per psicologoshumanistasbcn.com estan subjectes als Drets de Propietat Intel\u00b7lectual i Industrial de psicologoshumanistasbcn.com o de tercers. Aquest contingut no podr\u00e0 ser usat, duplicat, distribu\u00eft, venut, explotat o qualsevol altra forma amb prop\u00f2sit comercial o no, sense el previ i preceptiu consentiment i per escrit el seu titular (psicologoshumanistasbcn.com).<\/p>\n<p>Igualment psicologoshumanistasbcn.com ser\u00e0 responsable respecte de les marques, logos i altres signes distintius que s&#8217;incorporin a qualsevol part del website i que siguin propietat de psicologoshumanistasbcn.com, aix\u00ed com titular de tots els drets de Propietat Intel\u00b7lectual o Industrial o com a llicenciatari dels mateixos.<\/p>\n<p>Tots els continguts i parts integrants del website de psicologoshumanistasbcn.com han estat inclosos conforme als principis de la bona fe, indicant que la informaci\u00f3 pot procedir totalment o parcialment de fonts externes a la pr\u00f2pia entitat ra\u00f3 per la qual psicologoshumanistasbcn.com no es responsabilitza de cap manera de la inexactitud o no actualitzaci\u00f3 dels continguts mostrats.<\/p>\n<p>Per contra, tots aquells continguts procedents de fonts internes estaran degudament identificats amb el seu copyright. L&#8217;entitat es reserva el dret o la facultat d&#8217;efectuar qualsevol canvi en qualsevol moment sense necessitat de previ av\u00eds. Tots els continguts inclosos a la pagina procedents de fonts internes que portin el seu signe identificatiu de copyright, s\u00f3n responsabilitat \u00fanica i exclusivament de psicologoshumanistasbcn.com.<\/p>\n<p><strong>5.- PROTECCI\u00d3 DE DADES<\/strong><\/p>\n<p>psicologoshumanistasbcn.com plenament conscienciada de l&#8217;\u00fas i tractament que se li han de donar a les dades de car\u00e0cter personal i en virtut de la normativa legal existent (LOPD i LSSICE), t\u00e9 implantat al si de la seva organitzaci\u00f3 un sistema per preservar la seguretat, integritat i confidencialitat de les dades considerades com a personals.<\/p>\n<p>Per aix\u00f2 a m\u00e9s de complir \u00edntegrament tots i cadascun dels requisits disposats a la Llei Org\u00e0nica 15\/1999, de 13 de Desembre, de Protecci\u00f3 de Dades de Car\u00e0cter Personal, i els disposats a la Llei 34\/2002 LSSICE, garanteix un \u00fas no nom\u00e9s legal sin\u00f3 lleial de les dades personals aix\u00ed com un sistema adequat per a exercitar els drets d&#8217;acc\u00e9s Org\u00e0nica.<\/p>\n<p>De conformitat amb el que disposa la pol\u00edtica de privadesa de psicologoshumanistasbcn.com, es fa constar que qualsevol persona podr\u00e0 exercitar els seus drets d&#8217;acc\u00e9s, rectificaci\u00f3, cancel\u00b7laci\u00f3 i, si escau, oposici\u00f3 mitjan\u00e7ant l&#8217;enviament d&#8217;un e-mail a l&#8217;adre\u00e7a comercial@psicologoshumanistasbcn.com<\/p>\n<p>Sobre aix\u00f2 vegeu Pol\u00edtica de Privadesa del Portal psicologoshumanistasbcn.com.<\/p>\n<p><strong>6.-FUR I LEGISLACI\u00d3<\/strong><\/p>\n<p>Aquestes Condicions d&#8217;\u00fas se sotmeten a la legislaci\u00f3 espanyola, que \u00e9s aplicable en relaci\u00f3 amb la seva validesa, interpretaci\u00f3, execuci\u00f3 i compliment. Totes les discrep\u00e0ncies, reclamacions i controv\u00e8rsies respecte al que es disposa anteriorment es resoldran entre part venedora i consumidor mitjan\u00e7ant la intervenci\u00f3 i ajuda d&#8217;una organitzaci\u00f3 de consumidors, o un altre organisme espanyol de resoluci\u00f3 de disputes enumerat a https:\/\/ec.europa.eu\/consumers\/odr\/main\/?event=main.adr.show2 (tots els organismes que apareixen tots els organismes que apareixen. per est\u00e0ndards de qualitat relacionats amb l&#8217;equitat, l&#8217;efici\u00e8ncia i l&#8217;accessibilitat o un arbitratge de consum.)<\/p>\n<p>L&#8217;Usuari declara haver llegit, con\u00e8ixer i acceptar aquestes Condicions Generals en tota la seva extensi\u00f3.<\/p>\n<p>&nbsp;<\/p>\n","protected":false},"excerpt":{"rendered":"<p>1.-OBJECTE En compliment de la Llei 34\/2002, d&#8217;11 de juliol,  [&#8230;]<\/p>\n","protected":false},"author":1,"featured_media":0,"parent":0,"menu_order":0,"comment_status":"closed","ping_status":"closed","template":"","meta":{"footnotes":""},"class_list":["post-2110","page","type-page","status-publish","hentry"],"yoast_head":"<!-- This site is optimized with the Yoast SEO plugin v26.8 - https:\/\/yoast.com\/product\/yoast-seo-wordpress\/ -->\n<title>Condicions d\u2019\u00das | Psic\u00f2legs Humanistes BCN<\/title>\n<meta name=\"description\" content=\"Consulta les condicions d\u2019\u00fas de la nostra web per con\u00e8ixer els teus drets, responsabilitats i normes d\u2019acc\u00e9s als serveis i continguts de Psic\u00f2legs Humanistes BCN.\" \/>\n<meta name=\"robots\" content=\"index, follow, max-snippet:-1, max-image-preview:large, max-video-preview:-1\" \/>\n<link rel=\"canonical\" href=\"https:\/\/psicologoshumanistasbcn.com\/ca\/condiciones-de-uso\/\" \/>\n<meta property=\"og:locale\" content=\"ca_ES\" \/>\n<meta property=\"og:type\" content=\"article\" \/>\n<meta property=\"og:title\" content=\"Condicions d\u2019\u00das | Psic\u00f2legs Humanistes BCN\" \/>\n<meta property=\"og:description\" content=\"Consulta les condicions d\u2019\u00fas de la nostra web per con\u00e8ixer els teus drets, responsabilitats i normes d\u2019acc\u00e9s als serveis i continguts de Psic\u00f2legs Humanistes BCN.\" \/>\n<meta property=\"og:url\" content=\"https:\/\/psicologoshumanistasbcn.com\/ca\/condiciones-de-uso\/\" \/>\n<meta property=\"og:site_name\" content=\"Psic\u00f3loga Les Corts-Sarri\u00e0\" \/>\n<meta property=\"article:modified_time\" content=\"2026-02-04T16:17:39+00:00\" \/>\n<meta name=\"twitter:card\" content=\"summary_large_image\" \/>\n<meta name=\"twitter:label1\" content=\"Temps estimat de lectura\" \/>\n\t<meta name=\"twitter:data1\" content=\"9 minuts\" \/>\n<!-- \/ Yoast SEO plugin. -->","yoast_head_json":{"title":"Condicions d\u2019\u00das | Psic\u00f2legs Humanistes BCN","description":"Consulta les condicions d\u2019\u00fas de la nostra web per con\u00e8ixer els teus drets, responsabilitats i normes d\u2019acc\u00e9s als serveis i continguts de Psic\u00f2legs Humanistes BCN.","robots":{"index":"index","follow":"follow","max-snippet":"max-snippet:-1","max-image-preview":"max-image-preview:large","max-video-preview":"max-video-preview:-1"},"canonical":"https:\/\/psicologoshumanistasbcn.com\/ca\/condiciones-de-uso\/","og_locale":"ca_ES","og_type":"article","og_title":"Condicions d\u2019\u00das | Psic\u00f2legs Humanistes BCN","og_description":"Consulta les condicions d\u2019\u00fas de la nostra web per con\u00e8ixer els teus drets, responsabilitats i normes d\u2019acc\u00e9s als serveis i continguts de Psic\u00f2legs Humanistes BCN.","og_url":"https:\/\/psicologoshumanistasbcn.com\/ca\/condiciones-de-uso\/","og_site_name":"Psic\u00f3loga Les Corts-Sarri\u00e0","article_modified_time":"2026-02-04T16:17:39+00:00","twitter_card":"summary_large_image","twitter_misc":{"Temps estimat de lectura":"9 minuts"},"schema":{"@context":"https:\/\/schema.org","@graph":[{"@type":"WebPage","@id":"https:\/\/psicologoshumanistasbcn.com\/ca\/condiciones-de-uso\/","url":"https:\/\/psicologoshumanistasbcn.com\/ca\/condiciones-de-uso\/","name":"Condicions d\u2019\u00das | Psic\u00f2legs Humanistes BCN","isPartOf":{"@id":"https:\/\/psicologoshumanistasbcn.com\/ca\/#website"},"datePublished":"2025-11-25T08:47:05+00:00","dateModified":"2026-02-04T16:17:39+00:00","description":"Consulta les condicions d\u2019\u00fas de la nostra web per con\u00e8ixer els teus drets, responsabilitats i normes d\u2019acc\u00e9s als serveis i continguts de Psic\u00f2legs Humanistes BCN.","breadcrumb":{"@id":"https:\/\/psicologoshumanistasbcn.com\/ca\/condiciones-de-uso\/#breadcrumb"},"inLanguage":"ca","potentialAction":[{"@type":"ReadAction","target":["https:\/\/psicologoshumanistasbcn.com\/ca\/condiciones-de-uso\/"]}]},{"@type":"BreadcrumbList","@id":"https:\/\/psicologoshumanistasbcn.com\/ca\/condiciones-de-uso\/#breadcrumb","itemListElement":[{"@type":"ListItem","position":1,"name":"Portada","item":"https:\/\/psicologoshumanistasbcn.com\/ca\/psicologa-online-y-presencial-terapia-psicologica-profesional\/"},{"@type":"ListItem","position":2,"name":"Condicions d&#8217;\u00fas"}]},{"@type":"WebSite","@id":"https:\/\/psicologoshumanistasbcn.com\/ca\/#website","url":"https:\/\/psicologoshumanistasbcn.com\/ca\/","name":"Psic\u00f3loga Les Corts-Sarri\u00e0","description":"Psicoterapeuta Humanista Barcelona","potentialAction":[{"@type":"SearchAction","target":{"@type":"EntryPoint","urlTemplate":"https:\/\/psicologoshumanistasbcn.com\/ca\/?s={search_term_string}"},"query-input":{"@type":"PropertyValueSpecification","valueRequired":true,"valueName":"search_term_string"}}],"inLanguage":"ca"}]}},"_hostinger_reach_plugin_has_subscription_block":false,"_hostinger_reach_plugin_is_elementor":false,"_links":{"self":[{"href":"https:\/\/psicologoshumanistasbcn.com\/ca\/wp-json\/wp\/v2\/pages\/2110","targetHints":{"allow":["GET"]}}],"collection":[{"href":"https:\/\/psicologoshumanistasbcn.com\/ca\/wp-json\/wp\/v2\/pages"}],"about":[{"href":"https:\/\/psicologoshumanistasbcn.com\/ca\/wp-json\/wp\/v2\/types\/page"}],"author":[{"embeddable":true,"href":"https:\/\/psicologoshumanistasbcn.com\/ca\/wp-json\/wp\/v2\/users\/1"}],"replies":[{"embeddable":true,"href":"https:\/\/psicologoshumanistasbcn.com\/ca\/wp-json\/wp\/v2\/comments?post=2110"}],"version-history":[{"count":3,"href":"https:\/\/psicologoshumanistasbcn.com\/ca\/wp-json\/wp\/v2\/pages\/2110\/revisions"}],"predecessor-version":[{"id":2225,"href":"https:\/\/psicologoshumanistasbcn.com\/ca\/wp-json\/wp\/v2\/pages\/2110\/revisions\/2225"}],"wp:attachment":[{"href":"https:\/\/psicologoshumanistasbcn.com\/ca\/wp-json\/wp\/v2\/media?parent=2110"}],"curies":[{"name":"wp","href":"https:\/\/api.w.org\/{rel}","templated":true}]}}