{"id":2111,"date":"2025-11-25T08:46:23","date_gmt":"2025-11-25T08:46:23","guid":{"rendered":"https:\/\/psicologoshumanistasbcn.com\/accesibilidad\/"},"modified":"2026-02-04T16:16:33","modified_gmt":"2026-02-04T16:16:33","slug":"accesibilidad","status":"publish","type":"page","link":"https:\/\/psicologoshumanistasbcn.com\/ca\/accesibilidad\/","title":{"rendered":"Accessibilitat"},"content":{"rendered":"<h2>Declaraci\u00f3 d&#8217;accessibilitat<\/h2>\n<p>psicologoshumanistasbcn.com s&#8217;ha comprom\u00e8s a fer accessibles el seu lloc web complint el Nivell AA segons la Norma UNE 301549:2020 (WCAG 2.1), que alhora es basa en les Directrius d&#8217;Accessibilitat per al Contingut Web 2.0 del W3C.<\/p>\n<p>Aquesta declaraci\u00f3 d&#8217;accessibilitat s&#8217;aplica al lloc web https:\/\/psicologoshumanistasbcn.com<\/p>\n<p>Per aquestes raons al lloc web s&#8217;han adoptat una s\u00e8rie de mesures amb l&#8217;objectiu de garantir l&#8217;accessibilitat dels continguts, per tal de:<\/p>\n<p>Facilitar l&#8217;acc\u00e9s dels usuaris independentment de les capacitats o del seu entorn.<br \/>\nPermet accedir amb diferents agents d&#8217;usuari.<br \/>\nIncloure continguts clars i ben estructurats.<br \/>\nMillorar la navegaci\u00f3 i lexperi\u00e8ncia de lusuari.<\/p>\n<h3>Mesures adoptades<\/h3>\n<p>S&#8217;han adoptat les mesures seg\u00fcents:<\/p>\n<p>Separaci\u00f3 de contingut i presentaci\u00f3: \u00das de fulls d&#8217;estil (CSS) per a la presentaci\u00f3 de la informaci\u00f3 i de codi HTML per a la seva estructuraci\u00f3 correcta. La maquetaci\u00f3 s&#8217;adapta correctament als agents d&#8217;usuari m\u00e9s estesos i la mida de les fonts s&#8217;ha definit en mesures relatives per permetre&#8217;n el redimensionament.<br \/>\nAlternativa a elements no textuals: Per a qualsevol element no textual s&#8217;han incl\u00f2s les alternatives necess\u00e0ries de manera que cap usuari no trobi barreres d&#8217;acc\u00e9s als continguts.<br \/>\nMecanismes de navegaci\u00f3 adequats: Els enlla\u00e7os ofereixen detalls de la funci\u00f3 o dest\u00ed de l&#8217;hiperenlla\u00e7. S&#8217;ofereixen mecanismes d&#8217;interacci\u00f3 que faciliten a l&#8217;usuari la localitzaci\u00f3 d&#8217;informaci\u00f3 i orientaci\u00f3 a trav\u00e9s del lloc.<br \/>\n\u00das correcte dels est\u00e0ndards: Els documents del web s&#8217;han constru\u00eft sobre la base de les especificacions del W3C, l&#8217;organisme que marca els est\u00e0ndards internacionals que s&#8217;han d&#8217;usar a la web. Els documents s\u00f3n v\u00e0lids i ofereixen el marcatge adequat per a cada tipologia de contingut.<br \/>\nObjectes programats: No es fan servir objectes programats per presentar la informaci\u00f3 ni oferir funcionalitats importants. Aix\u00f2 permet navegar pel lloc independentment de les tecnologies disponibles a l&#8217;agent d&#8217;usuari.<br \/>\n&#8220;Accessibilitat dels pdf&#8217;s: Certs pdf&#8217;s publicats a la nostra web, no disposen d&#8217;una estructura accessible degut a impossibilitats t\u00e8cniques. En aquest cas i, si n&#8217;hi ha necessitat, poden escriure a la nostra secci\u00f3 de contacte i sol\u00b7licitar-nos el document&#8221;.<br \/>\nContacte<br \/>\nQualsevol queixa, consulta o suggeriment de millora sobre l&#8217;accessibilitat del web es podr\u00e0 canalitzar a trav\u00e9s de qualsevol dels mitjans disponibles a la secci\u00f3 de contacte del web.<\/p>\n<p>&nbsp;<\/p>\n<h3>Situaci\u00f3 de compliment<\/h3>\n<p>Aquest lloc web \u00e9s parcialment conforme amb el Reial decret 1112\/2018, de 7 de setembre, a causa de la manca de conformitat dels aspectes que s&#8217;indiquen a continuaci\u00f3.<\/p>\n<h3>Contingut no accessible<\/h3>\n<p>El contingut que es recull a continuaci\u00f3 no \u00e9s accessible pel seg\u00fcent:<\/p>\n<p>A causa de l&#8217;\u00fas d&#8217;un gestor de continguts que no pot garantir que els usuaris que editen els continguts compleixin totes les normes d&#8217;accessibilitat, no es pot garantir que tots els continguts siguin conformes amb les WCAG 2.1. En qualsevol cas, tenim el comprom\u00eds de solucionar aquests possibles problemes que ens siguin notificats.<\/p>\n<p>C\u00e0rrega desproporcionada: No \u00e9s aplicable.<\/p>\n<p>El contingut no entra dins de l&#8217;\u00e0mbit de la legislaci\u00f3 aplicable<\/p>\n<p>Fitxers ofim\u00e0tics en PDF o altres formats, aix\u00ed com aplicacions publicades abans del 20 de setembre de 2018 que no compleixin totalment tots els requisits d&#8217;accessibilitat.<\/p>\n<p>Continguts multim\u00e8dia en directe.<\/p>\n<p>Contingut multim\u00e8dia pregravat de base temporal o publicat abans de lentrada en vigor del Reial decret.<\/p>\n<p>Serveis de mapa i cartografia en l\u00ednia<\/p>\n<p>Continguts de tercers no finan\u00e7ats ni desenvolupats per psicologoshumanistasbcn.com<\/p>\n<h3>Preparaci\u00f3 d&#8217;aquesta declaraci\u00f3 d&#8217;accessibilitat<\/h3>\n<p>Aquesta declaraci\u00f3 va ser preparada el 14 novembre de 2025.<\/p>\n<p>El m\u00e8tode emprat per preparar la declaraci\u00f3 ha estat mitjan\u00e7ant una autoavaluaci\u00f3 del lloc web per part de psicologoshumanistasbcn.com i t\u00e8cnics del departament de desenvolupament web a trav\u00e9s dan\u00e0lisis manuals de laccessibilitat, complementats a trav\u00e9s de diferents eines semiautom\u00e0tiques, agents dusuari i ajudes t\u00e8cniques.<\/p>\n<h3>Observacions i dades de contacte<\/h3>\n<p>Podeu realitzar comunicacions sobre requisits d&#8217;accessibilitat (article 10.2.a) del Reial Decret 1112\/2018, de 7 de setembre) com, per exemple:<\/p>\n<p>Informar sobre qualsevol possible incompliment per part daquest lloc web.<\/p>\n<p>Transmetre altres dificultats dacc\u00e9s al contingut.<\/p>\n<p>Formular qualsevol altra consulta o suggeriment de millora relativa a laccessibilitat del lloc web.<\/p>\n<p>A trav\u00e9s de les vies seg\u00fcents:<\/p>\n<p>A trav\u00e9s del formulari de suggeriments que psicologoshumanistasbcn.com posa a la vostra disposici\u00f3.<\/p>\n<p>Correu electr\u00f2nic: crismartq3@hotmail.com<\/p>\n<p>Presencialment a les oficines de psicologoshumanistasbcn.com.<\/p>\n<p>Les comunicacions seran rebudes i tractades per la Unitat responsable d&#8217;accessibilitat del web de psicologoshumanistasbcn.com, com a unitat responsable de l&#8217;accessibilitat dels continguts d&#8217;aquest lloc web.<\/p>\n<h3>Sol\u00b7licituds d&#8217;informaci\u00f3 accessible i queixes<\/h3>\n<p>Les sol\u00b7licituds dinformaci\u00f3 accessible i queixes seran presentades a trav\u00e9s de:<\/p>\n<p>A trav\u00e9s del formulari de suggeriments que psicologoshumanistasbcn.com posa a la vostra disposici\u00f3.<\/p>\n<p>Correu electr\u00f2nic: crismartq3@hotmail.com<\/p>\n","protected":false},"excerpt":{"rendered":"<p>Declaraci\u00f3 d&#8217;accessibilitat psicologoshumanistasbcn.com s&#8217;ha comprom\u00e8s a fer accessibles el seu  [&#8230;]<\/p>\n","protected":false},"author":1,"featured_media":0,"parent":0,"menu_order":0,"comment_status":"closed","ping_status":"closed","template":"","meta":{"footnotes":""},"class_list":["post-2111","page","type-page","status-publish","hentry"],"yoast_head":"<!-- This site is optimized with the Yoast SEO plugin v26.8 - https:\/\/yoast.com\/product\/yoast-seo-wordpress\/ -->\n<title>Accessibilitat | Psic\u00f2legs Humanistes BCN<\/title>\n<meta name=\"description\" content=\"La nostra web compleix amb criteris d\u2019accessibilitat per garantir que totes les persones puguin navegar i accedir als serveis de psicoter\u00e0pia sense barreres.\" \/>\n<meta name=\"robots\" content=\"index, follow, max-snippet:-1, max-image-preview:large, max-video-preview:-1\" \/>\n<link rel=\"canonical\" href=\"https:\/\/psicologoshumanistasbcn.com\/ca\/accesibilidad\/\" \/>\n<meta property=\"og:locale\" content=\"ca_ES\" \/>\n<meta property=\"og:type\" content=\"article\" \/>\n<meta property=\"og:title\" content=\"Accessibilitat | Psic\u00f2legs Humanistes BCN\" \/>\n<meta property=\"og:description\" content=\"La nostra web compleix amb criteris d\u2019accessibilitat per garantir que totes les persones puguin navegar i accedir als serveis de psicoter\u00e0pia sense barreres.\" \/>\n<meta property=\"og:url\" content=\"https:\/\/psicologoshumanistasbcn.com\/ca\/accesibilidad\/\" \/>\n<meta property=\"og:site_name\" content=\"Psic\u00f3loga Les Corts-Sarri\u00e0\" \/>\n<meta property=\"article:modified_time\" content=\"2026-02-04T16:16:33+00:00\" \/>\n<meta name=\"twitter:card\" content=\"summary_large_image\" \/>\n<meta name=\"twitter:label1\" content=\"Temps estimat de lectura\" \/>\n\t<meta name=\"twitter:data1\" content=\"4 minuts\" \/>\n<!-- \/ Yoast SEO plugin. -->","yoast_head_json":{"title":"Accessibilitat | Psic\u00f2legs Humanistes BCN","description":"La nostra web compleix amb criteris d\u2019accessibilitat per garantir que totes les persones puguin navegar i accedir als serveis de psicoter\u00e0pia sense barreres.","robots":{"index":"index","follow":"follow","max-snippet":"max-snippet:-1","max-image-preview":"max-image-preview:large","max-video-preview":"max-video-preview:-1"},"canonical":"https:\/\/psicologoshumanistasbcn.com\/ca\/accesibilidad\/","og_locale":"ca_ES","og_type":"article","og_title":"Accessibilitat | Psic\u00f2legs Humanistes BCN","og_description":"La nostra web compleix amb criteris d\u2019accessibilitat per garantir que totes les persones puguin navegar i accedir als serveis de psicoter\u00e0pia sense barreres.","og_url":"https:\/\/psicologoshumanistasbcn.com\/ca\/accesibilidad\/","og_site_name":"Psic\u00f3loga Les Corts-Sarri\u00e0","article_modified_time":"2026-02-04T16:16:33+00:00","twitter_card":"summary_large_image","twitter_misc":{"Temps estimat de lectura":"4 minuts"},"schema":{"@context":"https:\/\/schema.org","@graph":[{"@type":"WebPage","@id":"https:\/\/psicologoshumanistasbcn.com\/ca\/accesibilidad\/","url":"https:\/\/psicologoshumanistasbcn.com\/ca\/accesibilidad\/","name":"Accessibilitat | Psic\u00f2legs Humanistes BCN","isPartOf":{"@id":"https:\/\/psicologoshumanistasbcn.com\/ca\/#website"},"datePublished":"2025-11-25T08:46:23+00:00","dateModified":"2026-02-04T16:16:33+00:00","description":"La nostra web compleix amb criteris d\u2019accessibilitat per garantir que totes les persones puguin navegar i accedir als serveis de psicoter\u00e0pia sense barreres.","breadcrumb":{"@id":"https:\/\/psicologoshumanistasbcn.com\/ca\/accesibilidad\/#breadcrumb"},"inLanguage":"ca","potentialAction":[{"@type":"ReadAction","target":["https:\/\/psicologoshumanistasbcn.com\/ca\/accesibilidad\/"]}]},{"@type":"BreadcrumbList","@id":"https:\/\/psicologoshumanistasbcn.com\/ca\/accesibilidad\/#breadcrumb","itemListElement":[{"@type":"ListItem","position":1,"name":"Portada","item":"https:\/\/psicologoshumanistasbcn.com\/ca\/psicologa-online-y-presencial-terapia-psicologica-profesional\/"},{"@type":"ListItem","position":2,"name":"Accessibilitat"}]},{"@type":"WebSite","@id":"https:\/\/psicologoshumanistasbcn.com\/ca\/#website","url":"https:\/\/psicologoshumanistasbcn.com\/ca\/","name":"Psic\u00f3loga Les Corts-Sarri\u00e0","description":"Psicoterapeuta Humanista Barcelona","potentialAction":[{"@type":"SearchAction","target":{"@type":"EntryPoint","urlTemplate":"https:\/\/psicologoshumanistasbcn.com\/ca\/?s={search_term_string}"},"query-input":{"@type":"PropertyValueSpecification","valueRequired":true,"valueName":"search_term_string"}}],"inLanguage":"ca"}]}},"_hostinger_reach_plugin_has_subscription_block":false,"_hostinger_reach_plugin_is_elementor":false,"_links":{"self":[{"href":"https:\/\/psicologoshumanistasbcn.com\/ca\/wp-json\/wp\/v2\/pages\/2111","targetHints":{"allow":["GET"]}}],"collection":[{"href":"https:\/\/psicologoshumanistasbcn.com\/ca\/wp-json\/wp\/v2\/pages"}],"about":[{"href":"https:\/\/psicologoshumanistasbcn.com\/ca\/wp-json\/wp\/v2\/types\/page"}],"author":[{"embeddable":true,"href":"https:\/\/psicologoshumanistasbcn.com\/ca\/wp-json\/wp\/v2\/users\/1"}],"replies":[{"embeddable":true,"href":"https:\/\/psicologoshumanistasbcn.com\/ca\/wp-json\/wp\/v2\/comments?post=2111"}],"version-history":[{"count":2,"href":"https:\/\/psicologoshumanistasbcn.com\/ca\/wp-json\/wp\/v2\/pages\/2111\/revisions"}],"predecessor-version":[{"id":2221,"href":"https:\/\/psicologoshumanistasbcn.com\/ca\/wp-json\/wp\/v2\/pages\/2111\/revisions\/2221"}],"wp:attachment":[{"href":"https:\/\/psicologoshumanistasbcn.com\/ca\/wp-json\/wp\/v2\/media?parent=2111"}],"curies":[{"name":"wp","href":"https:\/\/api.w.org\/{rel}","templated":true}]}}